{"id":6717,"date":"2024-10-25T09:53:52","date_gmt":"2024-10-25T09:53:52","guid":{"rendered":"https:\/\/pereberga.com\/vivint-a-traicio\/"},"modified":"2024-11-13T09:10:47","modified_gmt":"2024-11-13T09:10:47","slug":"vivint-a-traicio","status":"publish","type":"page","link":"https:\/\/pereberga.com\/ca\/vivint-a-traicio\/","title":{"rendered":"Vivint a tra\u00efci\u00f3"},"content":{"rendered":"\t\t<div data-elementor-type=\"wp-page\" data-elementor-id=\"6717\" class=\"elementor elementor-6717 elementor-6667\" data-elementor-post-type=\"page\">\n\t\t\t\t\t\t<section class=\"elementor-section elementor-top-section elementor-element elementor-element-5bb9ed0 elementor-section-full_width elementor-section-height-min-height elementor-section-stretched elementor-section-height-default elementor-section-items-middle\" data-id=\"5bb9ed0\" data-element_type=\"section\" data-settings=\"{&quot;stretch_section&quot;:&quot;section-stretched&quot;,&quot;background_background&quot;:&quot;classic&quot;}\">\n\t\t\t\t\t\t\t<div class=\"elementor-background-overlay\"><\/div>\n\t\t\t\t\t\t\t<div class=\"elementor-container elementor-column-gap-default\">\n\t\t\t\t\t<div class=\"elementor-column elementor-col-100 elementor-top-column elementor-element elementor-element-4906eff\" data-id=\"4906eff\" data-element_type=\"column\">\n\t\t\t<div class=\"elementor-widget-wrap elementor-element-populated\">\n\t\t\t\t\t\t<div class=\"elementor-element elementor-element-aab14f7 elementor-widget elementor-widget-heading\" data-id=\"aab14f7\" data-element_type=\"widget\" data-widget_type=\"heading.default\">\n\t\t\t\t<div class=\"elementor-widget-container\">\n\t\t\t\t\t<h1 class=\"elementor-heading-title elementor-size-default\">VIVINT A TRA\u00cfCI\u00d3<\/h1>\t\t\t\t<\/div>\n\t\t\t\t<\/div>\n\t\t\t\t\t<\/div>\n\t\t<\/div>\n\t\t\t\t\t<\/div>\n\t\t<\/section>\n\t\t\t\t<section class=\"elementor-section elementor-top-section elementor-element elementor-element-f6dbe4e elementor-section-boxed elementor-section-height-default elementor-section-height-default\" data-id=\"f6dbe4e\" data-element_type=\"section\">\n\t\t\t\t\t\t<div class=\"elementor-container elementor-column-gap-wider\">\n\t\t\t\t\t<div class=\"elementor-column elementor-col-100 elementor-top-column elementor-element elementor-element-b90e2c3\" data-id=\"b90e2c3\" data-element_type=\"column\">\n\t\t\t<div class=\"elementor-widget-wrap elementor-element-populated\">\n\t\t\t\t\t\t<div class=\"elementor-element elementor-element-da966e7 elementor-widget elementor-widget-text-editor\" data-id=\"da966e7\" data-element_type=\"widget\" data-widget_type=\"text-editor.default\">\n\t\t\t\t<div class=\"elementor-widget-container\">\n\t\t\t\t\t\t\t\t\t<p>Si et va agradar la meva primera novel\u00b7la<strong> En el nom de Rafel, <\/strong>la meva segona publicaci\u00f3, <strong>Vivint a tra\u00efci\u00f3,<\/strong> constitueix la segona part del viatge, del proc\u00e9s intern, d&#8217;una nit obscura de l&#8217;\u00e0nima relatada en forma de dues hist\u00f2ries apassionants.<\/p>\n<p>Si est\u00e0s passant per una crisi existencial o senzillament vols gaudir d&#8217;una hist\u00f2ria que et commogui i, al mateix temps, t&#8217;ajudi a explorar noves vies de creixement i sanaci\u00f3 personal, aquesta lectura \u00e9s per tu.<\/p>\n<p><img fetchpriority=\"high\" decoding=\"async\" class=\"aligncenter wp-image-6720 size-large\" src=\"https:\/\/pereberga.fra1.digitaloceanspaces.com\/wp-content\/uploads\/2024\/10\/27160436\/vivint_a_taicio-1024x683.png\" alt=\"\" width=\"800\" height=\"534\" srcset=\"https:\/\/pereberga.fra1.digitaloceanspaces.com\/wp-content\/uploads\/2024\/10\/27160436\/vivint_a_taicio-1024x683.png 1024w, https:\/\/pereberga.fra1.digitaloceanspaces.com\/wp-content\/uploads\/2024\/10\/27160436\/vivint_a_taicio-300x200.png 300w, https:\/\/pereberga.fra1.digitaloceanspaces.com\/wp-content\/uploads\/2024\/10\/27160436\/vivint_a_taicio-768x512.png 768w, https:\/\/pereberga.fra1.digitaloceanspaces.com\/wp-content\/uploads\/2024\/10\/27160436\/vivint_a_taicio-1536x1025.png 1536w, https:\/\/pereberga.fra1.digitaloceanspaces.com\/wp-content\/uploads\/2024\/10\/27160436\/vivint_a_taicio.png 2000w\" sizes=\"(max-width: 800px) 100vw, 800px\" \/><\/p>\n<p><\/p>\n<p class=\"MsoNormal\"><span style=\"font-size: 14.0pt; mso-ansi-language: ES;\">&#8220;Pere Berga ens proposa una nova etapa de l\u2019apassionant cam\u00ed cap a les interioritats de l\u2019\u00e0nima humana, \u00e0mbit del qual ha fet objecte del seu treball, i que aqu\u00ed ens comparteix confegint davant els nostres ulls una v\u00e0nova d\u2019emocions amb fils de vida que estira i ens ordena, fins a esdevenir un retrat, una fotografia, que ens revela la imatge d\u2019aquella llum que un dia va impregnar la fosca del negatiu.<\/span><\/p>\n<p class=\"MsoNormal\"><span style=\"font-size: 14.0pt; mso-ansi-language: ES;\">Uns sabaters alemanys d\u2019entreguerres, un picapedrer i una comare mallorquins, episodis in\u00e8dits de la guerra civil, etc. s\u00f3n els conductors d\u2019una hist\u00f2ria explicada per entendre emocions, valors, causes i conseq\u00fc\u00e8ncies, i sobretot, sanar, alliberar i cloure ferides obertes.<\/span><\/p>\n<p class=\"MsoNormal\"><span style=\"font-size: 14.0pt; mso-ansi-language: ES;\">Som davant la sincera descripci\u00f3 d\u2019un alliberament, de l\u2019obertura d\u2019un canal d\u2019energia per parlar de l\u2019amor, de tra\u00efci\u00f3, de pena i soledat, d\u2019amistat i de reconciliaci\u00f3, amb els altres i amb un mateix.<\/span><\/p>\n<p class=\"MsoNormal\"><span style=\"font-size: 14.0pt; mso-ansi-language: ES;\">Un exercici que nom\u00e9s obrint-se un mateix en canal es pot aconseguir&#8221;.<\/span><\/p>\t\t\t\t\t\t\t\t<\/div>\n\t\t\t\t<\/div>\n\t\t\t\t\t<\/div>\n\t\t<\/div>\n\t\t\t\t\t<\/div>\n\t\t<\/section>\n\t\t\t\t<section class=\"elementor-section elementor-top-section elementor-element elementor-element-739b886 elementor-section-boxed elementor-section-height-default elementor-section-height-default\" data-id=\"739b886\" data-element_type=\"section\">\n\t\t\t\t\t\t<div class=\"elementor-container elementor-column-gap-default\">\n\t\t\t\t\t<div class=\"elementor-column elementor-col-50 elementor-top-column elementor-element elementor-element-3370f7a\" data-id=\"3370f7a\" data-element_type=\"column\">\n\t\t\t<div class=\"elementor-widget-wrap elementor-element-populated\">\n\t\t\t\t\t\t<div class=\"elementor-element elementor-element-ad437a5 elementor-align-center elementor-widget elementor-widget-button\" data-id=\"ad437a5\" data-element_type=\"widget\" data-widget_type=\"button.default\">\n\t\t\t\t<div class=\"elementor-widget-container\">\n\t\t\t\t\t\t\t\t\t<div class=\"elementor-button-wrapper\">\n\t\t\t\t\t<a class=\"elementor-button elementor-button-link elementor-size-sm\" href=\"https:\/\/hakabooks.com\/producto\/vivint-a-traicio\/\" target=\"_blank\">\n\t\t\t\t\t\t<span class=\"elementor-button-content-wrapper\">\n\t\t\t\t\t\t\t\t\t<span class=\"elementor-button-text\">COMPRA-LA A LA BOTIGA EN L\u00cdNIA<\/span>\n\t\t\t\t\t<\/span>\n\t\t\t\t\t<\/a>\n\t\t\t\t<\/div>\n\t\t\t\t\t\t\t\t<\/div>\n\t\t\t\t<\/div>\n\t\t\t\t\t<\/div>\n\t\t<\/div>\n\t\t\t\t<div class=\"elementor-column elementor-col-50 elementor-top-column elementor-element elementor-element-bdd72f1\" data-id=\"bdd72f1\" data-element_type=\"column\">\n\t\t\t<div class=\"elementor-widget-wrap elementor-element-populated\">\n\t\t\t\t\t\t<div class=\"elementor-element elementor-element-d6231aa elementor-align-center elementor-widget elementor-widget-button\" data-id=\"d6231aa\" data-element_type=\"widget\" data-widget_type=\"button.default\">\n\t\t\t\t<div class=\"elementor-widget-container\">\n\t\t\t\t\t\t\t\t\t<div class=\"elementor-button-wrapper\">\n\t\t\t\t\t<a class=\"elementor-button elementor-button-link elementor-size-sm\" href=\"https:\/\/www.amazon.es\/dp\/B0DMV6JL2N\" target=\"_blank\">\n\t\t\t\t\t\t<span class=\"elementor-button-content-wrapper\">\n\t\t\t\t\t\t\t\t\t<span class=\"elementor-button-text\">COMPRA-LA A AMAZON<\/span>\n\t\t\t\t\t<\/span>\n\t\t\t\t\t<\/a>\n\t\t\t\t<\/div>\n\t\t\t\t\t\t\t\t<\/div>\n\t\t\t\t<\/div>\n\t\t\t\t\t<\/div>\n\t\t<\/div>\n\t\t\t\t\t<\/div>\n\t\t<\/section>\n\t\t\t\t<section class=\"elementor-section elementor-top-section elementor-element elementor-element-af1a85a elementor-section-full_width elementor-section-height-default elementor-section-height-default\" data-id=\"af1a85a\" data-element_type=\"section\">\n\t\t\t\t\t\t<div class=\"elementor-container elementor-column-gap-default\">\n\t\t\t\t\t<div class=\"elementor-column elementor-col-100 elementor-top-column elementor-element elementor-element-f3c5b69\" data-id=\"f3c5b69\" data-element_type=\"column\">\n\t\t\t<div class=\"elementor-widget-wrap elementor-element-populated\">\n\t\t\t\t\t\t<div class=\"elementor-element elementor-element-38f3748 elementor-widget elementor-widget-template\" data-id=\"38f3748\" data-element_type=\"widget\" data-widget_type=\"template.default\">\n\t\t\t\t<div class=\"elementor-widget-container\">\n\t\t\t\t\t\t\t<div class=\"elementor-template\">\n\t\t\t\t\t<div data-elementor-type=\"section\" data-elementor-id=\"4642\" class=\"elementor elementor-4642 elementor-395\" data-elementor-post-type=\"elementor_library\">\n\t\t\t\t\t<section class=\"elementor-section elementor-top-section elementor-element elementor-element-2c945efd elementor-section-full_width elementor-section-stretched elementor-section-height-default elementor-section-height-default\" data-id=\"2c945efd\" data-element_type=\"section\" data-settings=\"{&quot;stretch_section&quot;:&quot;section-stretched&quot;}\">\n\t\t\t\t\t\t<div class=\"elementor-container elementor-column-gap-default\">\n\t\t\t\t\t<div class=\"elementor-column elementor-col-14 elementor-top-column elementor-element elementor-element-24e91b72\" data-id=\"24e91b72\" data-element_type=\"column\">\n\t\t\t<div class=\"elementor-widget-wrap elementor-element-populated\">\n\t\t\t\t\t\t<div class=\"elementor-element elementor-element-1b34c5b4 elementor-widget elementor-widget-image\" data-id=\"1b34c5b4\" data-element_type=\"widget\" data-widget_type=\"image.default\">\n\t\t\t\t<div class=\"elementor-widget-container\">\n\t\t\t\t\t\t\t\t\t\t\t\t\t\t\t<img loading=\"lazy\" decoding=\"async\" loading=\"lazy\" width=\"216\" height=\"149\" src=\"https:\/\/pereberga.fra1.digitaloceanspaces.com\/wp-content\/uploads\/2023\/05\/20095833\/Recurso-4.png\" class=\"attachment-large size-large wp-image-4191\" alt=\"\" \/>\t\t\t\t\t\t\t\t\t\t\t\t\t\t\t<\/div>\n\t\t\t\t<\/div>\n\t\t\t\t\t<\/div>\n\t\t<\/div>\n\t\t\t\t<div class=\"elementor-column elementor-col-14 elementor-top-column elementor-element elementor-element-2d36bf48\" data-id=\"2d36bf48\" data-element_type=\"column\">\n\t\t\t<div class=\"elementor-widget-wrap elementor-element-populated\">\n\t\t\t\t\t\t<div class=\"elementor-element elementor-element-5450f715 elementor-widget elementor-widget-image\" data-id=\"5450f715\" data-element_type=\"widget\" data-widget_type=\"image.default\">\n\t\t\t\t<div class=\"elementor-widget-container\">\n\t\t\t\t\t\t\t\t\t\t\t\t\t\t\t<img loading=\"lazy\" decoding=\"async\" loading=\"lazy\" width=\"173\" height=\"87\" src=\"https:\/\/pereberga.fra1.digitaloceanspaces.com\/wp-content\/uploads\/2023\/05\/20095833\/Recurso-5.png\" class=\"attachment-large size-large wp-image-4192\" alt=\"\" \/>\t\t\t\t\t\t\t\t\t\t\t\t\t\t\t<\/div>\n\t\t\t\t<\/div>\n\t\t\t\t\t<\/div>\n\t\t<\/div>\n\t\t\t\t<div class=\"elementor-column elementor-col-14 elementor-top-column elementor-element elementor-element-3613ca64\" data-id=\"3613ca64\" data-element_type=\"column\">\n\t\t\t<div class=\"elementor-widget-wrap elementor-element-populated\">\n\t\t\t\t\t\t<div class=\"elementor-element elementor-element-4cb02ab4 elementor-widget elementor-widget-image\" data-id=\"4cb02ab4\" data-element_type=\"widget\" data-widget_type=\"image.default\">\n\t\t\t\t<div class=\"elementor-widget-container\">\n\t\t\t\t\t\t\t\t\t\t\t\t\t\t\t<img loading=\"lazy\" decoding=\"async\" loading=\"lazy\" width=\"301\" height=\"101\" src=\"https:\/\/pereberga.fra1.digitaloceanspaces.com\/wp-content\/uploads\/2023\/05\/20095833\/Recurso-6.png\" class=\"attachment-large size-large wp-image-4193\" alt=\"\" \/>\t\t\t\t\t\t\t\t\t\t\t\t\t\t\t<\/div>\n\t\t\t\t<\/div>\n\t\t\t\t\t<\/div>\n\t\t<\/div>\n\t\t\t\t<div class=\"elementor-column elementor-col-14 elementor-top-column elementor-element elementor-element-d2846ba\" data-id=\"d2846ba\" data-element_type=\"column\">\n\t\t\t<div class=\"elementor-widget-wrap elementor-element-populated\">\n\t\t\t\t\t\t<div class=\"elementor-element elementor-element-25f4df91 elementor-widget elementor-widget-image\" data-id=\"25f4df91\" data-element_type=\"widget\" data-widget_type=\"image.default\">\n\t\t\t\t<div class=\"elementor-widget-container\">\n\t\t\t\t\t\t\t\t\t\t\t\t\t\t\t<img loading=\"lazy\" decoding=\"async\" loading=\"lazy\" width=\"195\" height=\"123\" src=\"https:\/\/pereberga.fra1.digitaloceanspaces.com\/wp-content\/uploads\/2023\/05\/20095833\/Recurso-7.png\" class=\"attachment-large size-large wp-image-4194\" alt=\"\" \/>\t\t\t\t\t\t\t\t\t\t\t\t\t\t\t<\/div>\n\t\t\t\t<\/div>\n\t\t\t\t\t<\/div>\n\t\t<\/div>\n\t\t\t\t<div class=\"elementor-column elementor-col-14 elementor-top-column elementor-element elementor-element-5020d310\" data-id=\"5020d310\" data-element_type=\"column\">\n\t\t\t<div class=\"elementor-widget-wrap elementor-element-populated\">\n\t\t\t\t\t\t<div class=\"elementor-element elementor-element-3a871900 elementor-widget elementor-widget-image\" data-id=\"3a871900\" data-element_type=\"widget\" data-widget_type=\"image.default\">\n\t\t\t\t<div class=\"elementor-widget-container\">\n\t\t\t\t\t\t\t\t\t\t\t\t\t\t\t<img loading=\"lazy\" decoding=\"async\" loading=\"lazy\" width=\"126\" height=\"126\" src=\"https:\/\/pereberga.fra1.digitaloceanspaces.com\/wp-content\/uploads\/2023\/05\/20095833\/Recurso-8.png\" class=\"attachment-large size-large wp-image-4195\" alt=\"\" \/>\t\t\t\t\t\t\t\t\t\t\t\t\t\t\t<\/div>\n\t\t\t\t<\/div>\n\t\t\t\t\t<\/div>\n\t\t<\/div>\n\t\t\t\t<div class=\"elementor-column elementor-col-14 elementor-top-column elementor-element elementor-element-26b38eb6\" data-id=\"26b38eb6\" data-element_type=\"column\">\n\t\t\t<div class=\"elementor-widget-wrap elementor-element-populated\">\n\t\t\t\t\t\t<div class=\"elementor-element elementor-element-de05c0d elementor-widget elementor-widget-image\" data-id=\"de05c0d\" data-element_type=\"widget\" data-widget_type=\"image.default\">\n\t\t\t\t<div class=\"elementor-widget-container\">\n\t\t\t\t\t\t\t\t\t\t\t\t\t\t\t<img loading=\"lazy\" decoding=\"async\" loading=\"lazy\" width=\"166\" height=\"89\" src=\"https:\/\/pereberga.fra1.digitaloceanspaces.com\/wp-content\/uploads\/2023\/05\/20095833\/Recurso-9.png\" class=\"attachment-large size-large wp-image-4196\" alt=\"\" \/>\t\t\t\t\t\t\t\t\t\t\t\t\t\t\t<\/div>\n\t\t\t\t<\/div>\n\t\t\t\t\t<\/div>\n\t\t<\/div>\n\t\t\t\t<div class=\"elementor-column elementor-col-14 elementor-top-column elementor-element elementor-element-11bb8adc\" data-id=\"11bb8adc\" data-element_type=\"column\">\n\t\t\t<div class=\"elementor-widget-wrap elementor-element-populated\">\n\t\t\t\t\t\t<div class=\"elementor-element elementor-element-48f3ebcc elementor-widget elementor-widget-image\" data-id=\"48f3ebcc\" data-element_type=\"widget\" data-widget_type=\"image.default\">\n\t\t\t\t<div class=\"elementor-widget-container\">\n\t\t\t\t\t\t\t\t\t\t\t\t\t\t\t<img loading=\"lazy\" decoding=\"async\" loading=\"lazy\" width=\"196\" height=\"93\" src=\"https:\/\/pereberga.fra1.digitaloceanspaces.com\/wp-content\/uploads\/2023\/05\/20095833\/Recurso-10.png\" class=\"attachment-large size-large wp-image-4197\" alt=\"\" \/>\t\t\t\t\t\t\t\t\t\t\t\t\t\t\t<\/div>\n\t\t\t\t<\/div>\n\t\t\t\t\t<\/div>\n\t\t<\/div>\n\t\t\t\t\t<\/div>\n\t\t<\/section>\n\t\t\t\t<\/div>\n\t\t\t\t<\/div>\n\t\t\t\t\t\t<\/div>\n\t\t\t\t<\/div>\n\t\t\t\t\t<\/div>\n\t\t<\/div>\n\t\t\t\t\t<\/div>\n\t\t<\/section>\n\t\t\t\t<\/div>\n\t\t","protected":false},"excerpt":{"rendered":"<p>VIVINT A TRA\u00cfCI\u00d3 Si et va agradar la meva primera novel\u00b7la En el nom de Rafel, la meva segona publicaci\u00f3, Vivint a tra\u00efci\u00f3, constitueix la segona part del viatge, del proc\u00e9s intern, d&#8217;una nit obscura de l&#8217;\u00e0nima relatada en forma de dues hist\u00f2ries apassionants. Si est\u00e0s passant per una crisi existencial o senzillament vols gaudir [&hellip;]<\/p>\n","protected":false},"author":1,"featured_media":0,"parent":0,"menu_order":0,"comment_status":"closed","ping_status":"closed","template":"","meta":{"footnotes":""},"class_list":["post-6717","page","type-page","status-publish","hentry"],"_links":{"self":[{"href":"https:\/\/pereberga.com\/ca\/wp-json\/wp\/v2\/pages\/6717","targetHints":{"allow":["GET"]}}],"collection":[{"href":"https:\/\/pereberga.com\/ca\/wp-json\/wp\/v2\/pages"}],"about":[{"href":"https:\/\/pereberga.com\/ca\/wp-json\/wp\/v2\/types\/page"}],"author":[{"embeddable":true,"href":"https:\/\/pereberga.com\/ca\/wp-json\/wp\/v2\/users\/1"}],"replies":[{"embeddable":true,"href":"https:\/\/pereberga.com\/ca\/wp-json\/wp\/v2\/comments?post=6717"}],"version-history":[{"count":13,"href":"https:\/\/pereberga.com\/ca\/wp-json\/wp\/v2\/pages\/6717\/revisions"}],"predecessor-version":[{"id":6744,"href":"https:\/\/pereberga.com\/ca\/wp-json\/wp\/v2\/pages\/6717\/revisions\/6744"}],"wp:attachment":[{"href":"https:\/\/pereberga.com\/ca\/wp-json\/wp\/v2\/media?parent=6717"}],"curies":[{"name":"wp","href":"https:\/\/api.w.org\/{rel}","templated":true}]}}