{"id":6483,"date":"2024-06-19T09:51:56","date_gmt":"2024-06-19T09:51:56","guid":{"rendered":"https:\/\/pereberga.com\/?page_id=6483"},"modified":"2024-06-19T11:58:03","modified_gmt":"2024-06-19T11:58:03","slug":"constelacions-familiars","status":"publish","type":"page","link":"https:\/\/pereberga.com\/ca\/constelacions-familiars\/","title":{"rendered":"Constel\u00b7lacions familiars"},"content":{"rendered":"\t\t<div data-elementor-type=\"wp-page\" data-elementor-id=\"6483\" class=\"elementor elementor-6483\" data-elementor-post-type=\"page\">\n\t\t\t\t\t\t<section class=\"elementor-section elementor-top-section elementor-element elementor-element-299a3a8 elementor-section-height-min-height elementor-section-boxed elementor-section-height-default elementor-section-items-middle\" data-id=\"299a3a8\" data-element_type=\"section\" data-settings=\"{&quot;background_background&quot;:&quot;classic&quot;}\">\n\t\t\t\t\t\t<div class=\"elementor-container elementor-column-gap-default\">\n\t\t\t\t\t<div class=\"elementor-column elementor-col-100 elementor-top-column elementor-element elementor-element-ffd9a8f\" data-id=\"ffd9a8f\" data-element_type=\"column\">\n\t\t\t<div class=\"elementor-widget-wrap elementor-element-populated\">\n\t\t\t\t\t\t<div class=\"elementor-element elementor-element-998cea5 elementor-widget elementor-widget-heading\" data-id=\"998cea5\" data-element_type=\"widget\" data-widget_type=\"heading.default\">\n\t\t\t\t<div class=\"elementor-widget-container\">\n\t\t\t\t\t<h1 class=\"elementor-heading-title elementor-size-default\">CONSTEL\u00b7LACIONS FAMILIARS<\/h1>\t\t\t\t<\/div>\n\t\t\t\t<\/div>\n\t\t\t\t\t<\/div>\n\t\t<\/div>\n\t\t\t\t\t<\/div>\n\t\t<\/section>\n\t\t\t\t<section class=\"elementor-section elementor-top-section elementor-element elementor-element-7b4157f elementor-section-boxed elementor-section-height-default elementor-section-height-default\" data-id=\"7b4157f\" data-element_type=\"section\">\n\t\t\t\t\t\t<div class=\"elementor-container elementor-column-gap-default\">\n\t\t\t\t\t<div class=\"elementor-column elementor-col-100 elementor-top-column elementor-element elementor-element-3fda6d0\" data-id=\"3fda6d0\" data-element_type=\"column\">\n\t\t\t<div class=\"elementor-widget-wrap elementor-element-populated\">\n\t\t\t\t\t\t<div class=\"elementor-element elementor-element-201889f elementor-widget elementor-widget-text-editor\" data-id=\"201889f\" data-element_type=\"widget\" data-widget_type=\"text-editor.default\">\n\t\t\t\t<div class=\"elementor-widget-container\">\n\t\t\t\t\t\t\t\t\t<p class=\"MsoNormal\"><span lang=\"CA\" style=\"font-size: 14.0pt; line-height: 107%; mso-ansi-language: CA;\">L\u2019eina terap\u00e8utica de les Constel\u00b7lacions Familiars ens permet dur a terme una feina molt potent, clara i efectiva a l\u2019hora d\u2019accedir al subconscient i treure l\u2019entrellat d\u2019all\u00f2 que ens bloqueja i ens causa patiment a totes les \u00e0rees de la nostra vida.<\/span><\/p><p class=\"MsoNormal\"><span lang=\"CA\" style=\"font-size: 14.0pt; line-height: 107%; mso-ansi-language: CA;\">Aquesta disciplina de la ter\u00e0pia sist\u00e8mica ens permet ampliar la mirada, contactar amb la vertadera realitat i, com a conseq\u00fc\u00e8ncia, poder resoldre i sanar els vincles afectius familiars que necessiten ser atesos, all\u00f2 que fou excl\u00f2s i necessita ser visibilitzat i reconegut i, tamb\u00e9, all\u00f2 que reclama ser equilibrat i compensat perqu\u00e8 poguem tirar endavant amb benestar, salut, consci\u00e8ncia i poder personal.<\/span><\/p>\t\t\t\t\t\t\t\t<\/div>\n\t\t\t\t<\/div>\n\t\t\t\t\t<\/div>\n\t\t<\/div>\n\t\t\t\t\t<\/div>\n\t\t<\/section>\n\t\t\t\t<section class=\"elementor-section elementor-top-section elementor-element elementor-element-e66558d elementor-section-boxed elementor-section-height-default elementor-section-height-default\" data-id=\"e66558d\" data-element_type=\"section\" data-settings=\"{&quot;background_background&quot;:&quot;classic&quot;}\">\n\t\t\t\t\t\t<div class=\"elementor-container elementor-column-gap-default\">\n\t\t\t\t\t<div class=\"elementor-column elementor-col-100 elementor-top-column elementor-element elementor-element-178c0d4\" data-id=\"178c0d4\" data-element_type=\"column\">\n\t\t\t<div class=\"elementor-widget-wrap elementor-element-populated\">\n\t\t\t\t\t\t<div class=\"elementor-element elementor-element-b1e3775 elementor-widget elementor-widget-heading\" data-id=\"b1e3775\" data-element_type=\"widget\" data-widget_type=\"heading.default\">\n\t\t\t\t<div class=\"elementor-widget-container\">\n\t\t\t\t\t<h2 class=\"elementor-heading-title elementor-size-default\">\u201cPerqu\u00e8 l'amor floreixi, \u00e9s necessari que primer hi hagi ordre\u201d. Bert Hellinger.<\/h2>\t\t\t\t<\/div>\n\t\t\t\t<\/div>\n\t\t\t\t\t<\/div>\n\t\t<\/div>\n\t\t\t\t\t<\/div>\n\t\t<\/section>\n\t\t\t\t<section class=\"elementor-section elementor-top-section elementor-element elementor-element-2e18656 elementor-section-boxed elementor-section-height-default elementor-section-height-default\" data-id=\"2e18656\" data-element_type=\"section\">\n\t\t\t\t\t\t<div class=\"elementor-container elementor-column-gap-default\">\n\t\t\t\t\t<div class=\"elementor-column elementor-col-50 elementor-top-column elementor-element elementor-element-884ceae\" data-id=\"884ceae\" data-element_type=\"column\">\n\t\t\t<div class=\"elementor-widget-wrap elementor-element-populated\">\n\t\t\t\t\t\t<div class=\"elementor-element elementor-element-4c19cf0 elementor-widget elementor-widget-heading\" data-id=\"4c19cf0\" data-element_type=\"widget\" data-widget_type=\"heading.default\">\n\t\t\t\t<div class=\"elementor-widget-container\">\n\t\t\t\t\t<h2 class=\"elementor-heading-title elementor-size-default\">COM ET PODEN AJUDAR?<\/h2>\t\t\t\t<\/div>\n\t\t\t\t<\/div>\n\t\t\t\t<div class=\"elementor-element elementor-element-35157be elementor-widget elementor-widget-text-editor\" data-id=\"35157be\" data-element_type=\"widget\" data-widget_type=\"text-editor.default\">\n\t\t\t\t<div class=\"elementor-widget-container\">\n\t\t\t\t\t\t\t\t\t<p class=\"MsoNormal\"><span lang=\"CA\" style=\"font-size: 14.0pt; line-height: 107%; mso-ansi-language: CA;\">Tant en una sessi\u00f3 grupal com en una sessi\u00f3 individual dins un proc\u00e9s d\u2019acompanyament de <a href=\"https:\/\/pereberga.com\/ca\/terapia-gestalt\/\">Ter\u00e0pia Gestalt<\/a>, <a href=\"https:\/\/pereberga.com\/ca\/terapia-corporal-integrativa\/\">Ter\u00e0pia Corporal Integrativa<\/a> o <a href=\"https:\/\/pereberga.com\/ca\/recupera-el-teu-equilibri-personal\/\">Coaching Ontol\u00f2gic<\/a>, les Constel\u00b7lacions Familiars constitueixen una meravell\u00f3s complement en el teu proc\u00e9s de creixement i aprenentatge.<\/span><\/p>\t\t\t\t\t\t\t\t<\/div>\n\t\t\t\t<\/div>\n\t\t\t\t\t<\/div>\n\t\t<\/div>\n\t\t\t\t<div class=\"elementor-column elementor-col-50 elementor-top-column elementor-element elementor-element-3d52bd6\" data-id=\"3d52bd6\" data-element_type=\"column\">\n\t\t\t<div class=\"elementor-widget-wrap elementor-element-populated\">\n\t\t\t\t\t\t<div class=\"elementor-element elementor-element-73cffe5 elementor-widget elementor-widget-image\" data-id=\"73cffe5\" data-element_type=\"widget\" data-widget_type=\"image.default\">\n\t\t\t\t<div class=\"elementor-widget-container\">\n\t\t\t\t\t\t\t\t\t\t\t\t\t\t\t<img loading=\"lazy\" decoding=\"async\" loading=\"lazy\" width=\"800\" height=\"428\" src=\"https:\/\/pereberga.fra1.digitaloceanspaces.com\/wp-content\/uploads\/2024\/06\/18094327\/Constelaciones-familiares-sesiones-individuales-1024x548.jpg\" class=\"attachment-large size-large wp-image-6450\" alt=\"\" srcset=\"https:\/\/pereberga.fra1.digitaloceanspaces.com\/wp-content\/uploads\/2024\/06\/18094327\/Constelaciones-familiares-sesiones-individuales-1024x548.jpg 1024w, https:\/\/pereberga.fra1.digitaloceanspaces.com\/wp-content\/uploads\/2024\/06\/18094327\/Constelaciones-familiares-sesiones-individuales-300x161.jpg 300w, https:\/\/pereberga.fra1.digitaloceanspaces.com\/wp-content\/uploads\/2024\/06\/18094327\/Constelaciones-familiares-sesiones-individuales-768x411.jpg 768w, https:\/\/pereberga.fra1.digitaloceanspaces.com\/wp-content\/uploads\/2024\/06\/18094327\/Constelaciones-familiares-sesiones-individuales-1536x823.jpg 1536w, https:\/\/pereberga.fra1.digitaloceanspaces.com\/wp-content\/uploads\/2024\/06\/18094327\/Constelaciones-familiares-sesiones-individuales.jpg 2000w\" sizes=\"auto, (max-width: 800px) 100vw, 800px\" \/>\t\t\t\t\t\t\t\t\t\t\t\t\t\t\t<\/div>\n\t\t\t\t<\/div>\n\t\t\t\t\t<\/div>\n\t\t<\/div>\n\t\t\t\t\t<\/div>\n\t\t<\/section>\n\t\t\t\t<section class=\"elementor-section elementor-top-section elementor-element elementor-element-f6c223e elementor-section-boxed elementor-section-height-default elementor-section-height-default\" data-id=\"f6c223e\" data-element_type=\"section\" data-settings=\"{&quot;background_background&quot;:&quot;classic&quot;}\">\n\t\t\t\t\t\t<div class=\"elementor-container elementor-column-gap-default\">\n\t\t\t\t\t<div class=\"elementor-column elementor-col-100 elementor-top-column elementor-element elementor-element-c781ac4\" data-id=\"c781ac4\" data-element_type=\"column\">\n\t\t\t<div class=\"elementor-widget-wrap elementor-element-populated\">\n\t\t\t\t\t\t<div class=\"elementor-element elementor-element-ff13eb9 elementor-widget elementor-widget-heading\" data-id=\"ff13eb9\" data-element_type=\"widget\" data-widget_type=\"heading.default\">\n\t\t\t\t<div class=\"elementor-widget-container\">\n\t\t\t\t\t<h2 class=\"elementor-heading-title elementor-size-default\">\u201cQuedam enredats en els destins de les persones que, a la nostra fam\u00edlia, es van perdre perqu\u00e8 foren excloses o oblidades\u201d. Bert Hellinger.<\/h2>\t\t\t\t<\/div>\n\t\t\t\t<\/div>\n\t\t\t\t\t<\/div>\n\t\t<\/div>\n\t\t\t\t\t<\/div>\n\t\t<\/section>\n\t\t\t\t<section class=\"elementor-section elementor-top-section elementor-element elementor-element-bd0206d elementor-section-boxed elementor-section-height-default elementor-section-height-default\" data-id=\"bd0206d\" data-element_type=\"section\">\n\t\t\t\t\t\t<div class=\"elementor-container elementor-column-gap-default\">\n\t\t\t\t\t<div class=\"elementor-column elementor-col-100 elementor-top-column elementor-element elementor-element-61fb403\" data-id=\"61fb403\" data-element_type=\"column\">\n\t\t\t<div class=\"elementor-widget-wrap elementor-element-populated\">\n\t\t\t\t\t\t<div class=\"elementor-element elementor-element-40f0d13 elementor-widget elementor-widget-text-editor\" data-id=\"40f0d13\" data-element_type=\"widget\" data-widget_type=\"text-editor.default\">\n\t\t\t\t<div class=\"elementor-widget-container\">\n\t\t\t\t\t\t\t\t\t<p class=\"MsoNormal\"><strong><span lang=\"CA\" style=\"font-size: 14.0pt; line-height: 107%; mso-ansi-language: CA;\">Aquest m\u00e8tode terap\u00e8utic et permetr\u00e0:<\/span><\/strong><\/p><p class=\"MsoNormal\"><span lang=\"CA\" style=\"font-size: 14.0pt; line-height: 107%; mso-ansi-language: CA;\">-Aconseguir relacions harmonioses amb els membres de la teva fam\u00edlia.<\/span><\/p><p class=\"MsoNormal\"><span lang=\"CA\" style=\"font-size: 14.0pt; line-height: 107%; mso-ansi-language: CA;\">-Alliberar-te de creences, patrons, lleialtats i emocions que no et permeten viure en plenitud.<\/span><\/p><p class=\"MsoNormal\"><span lang=\"CA\" style=\"font-size: 14.0pt; line-height: 107%; mso-ansi-language: CA;\">-Adquirir una comprensi\u00f3 profunda sobre quina \u00e9s la teva fase vital i quin \u00e9s el prop\u00f2sit de la teva vida.<\/span><\/p><p class=\"MsoNormal\"><span lang=\"CA\" style=\"font-size: 14.0pt; line-height: 107%; mso-ansi-language: CA;\">-Adquirir recursos que et permetin viure el teu dia a dia amb major flu\u00efdesa i benestar.<\/span><\/p>\t\t\t\t\t\t\t\t<\/div>\n\t\t\t\t<\/div>\n\t\t\t\t\t<\/div>\n\t\t<\/div>\n\t\t\t\t\t<\/div>\n\t\t<\/section>\n\t\t\t\t<section class=\"elementor-section elementor-top-section elementor-element elementor-element-67c2136 elementor-section-full_width elementor-section-stretched elementor-section-height-default elementor-section-height-default\" data-id=\"67c2136\" data-element_type=\"section\" data-settings=\"{&quot;stretch_section&quot;:&quot;section-stretched&quot;}\">\n\t\t\t\t\t\t<div class=\"elementor-container elementor-column-gap-default\">\n\t\t\t\t\t<div class=\"elementor-column elementor-col-100 elementor-top-column elementor-element elementor-element-3f4fc65\" data-id=\"3f4fc65\" data-element_type=\"column\">\n\t\t\t<div class=\"elementor-widget-wrap elementor-element-populated\">\n\t\t\t\t\t\t<div class=\"elementor-element elementor-element-f41446d elementor-widget elementor-widget-template\" data-id=\"f41446d\" data-element_type=\"widget\" data-widget_type=\"template.default\">\n\t\t\t\t<div class=\"elementor-widget-container\">\n\t\t\t\t\t\t\t<div class=\"elementor-template\">\n\t\t\t\t\t<div data-elementor-type=\"section\" data-elementor-id=\"4627\" class=\"elementor elementor-4627 elementor-1321\" data-elementor-post-type=\"elementor_library\">\n\t\t\t\t\t<section class=\"elementor-section elementor-top-section elementor-element elementor-element-35e260c1 elementor-section-full_width elementor-section-height-default elementor-section-height-default\" data-id=\"35e260c1\" data-element_type=\"section\">\n\t\t\t\t\t\t<div class=\"elementor-container elementor-column-gap-default\">\n\t\t\t\t\t<div class=\"elementor-column elementor-col-100 elementor-top-column elementor-element elementor-element-405534b6\" data-id=\"405534b6\" data-element_type=\"column\">\n\t\t\t<div class=\"elementor-widget-wrap elementor-element-populated\">\n\t\t\t\t\t\t<div class=\"elementor-element elementor-element-11f4192b elementor-skin-carousel elementor-arrows-yes elementor-pagination-type-bullets elementor-pagination-position-outside elementor-widget elementor-widget-media-carousel\" data-id=\"11f4192b\" data-element_type=\"widget\" data-settings=\"{&quot;lazyload&quot;:&quot;yes&quot;,&quot;skin&quot;:&quot;carousel&quot;,&quot;effect&quot;:&quot;slide&quot;,&quot;show_arrows&quot;:&quot;yes&quot;,&quot;pagination&quot;:&quot;bullets&quot;,&quot;speed&quot;:500,&quot;autoplay&quot;:&quot;yes&quot;,&quot;autoplay_speed&quot;:5000,&quot;loop&quot;:&quot;yes&quot;,&quot;pause_on_hover&quot;:&quot;yes&quot;,&quot;pause_on_interaction&quot;:&quot;yes&quot;,&quot;space_between&quot;:{&quot;unit&quot;:&quot;px&quot;,&quot;size&quot;:10,&quot;sizes&quot;:[]},&quot;space_between_tablet&quot;:{&quot;unit&quot;:&quot;px&quot;,&quot;size&quot;:10,&quot;sizes&quot;:[]},&quot;space_between_mobile&quot;:{&quot;unit&quot;:&quot;px&quot;,&quot;size&quot;:10,&quot;sizes&quot;:[]}}\" data-widget_type=\"media-carousel.default\">\n\t\t\t\t<div class=\"elementor-widget-container\">\n\t\t\t\t\t\t\t\t\t<div class=\"elementor-swiper\">\n\t\t\t\t\t<div class=\"elementor-main-swiper swiper\" role=\"region\" aria-roledescription=\"carousel\" aria-label=\"Diapositives\">\n\t\t\t\t<div class=\"swiper-wrapper\">\n\t\t\t\t\t\t\t\t\t\t\t<div class=\"swiper-slide\" role=\"group\" aria-roledescription=\"slide\">\n\t\t\t\t\t\t\t<a href=\"\/supera-tu-bloqueo\">\t\t<div class=\"elementor-carousel-image swiper-lazy\" role=\"img\" aria-label=\"Supera tu bloqueo\" data-background=\"https:\/\/pereberga.fra1.digitaloceanspaces.com\/wp-content\/uploads\/2023\/05\/20095834\/Pere_juliol22-16-1.jpg\">\n\n\t\t\t\t\t\t\t<div class=\"swiper-lazy-preloader\"><\/div>\n\t\t\t\n\t\t\t\t\t<\/div>\n\t\t\t\t\t<div class=\"elementor-carousel-image-overlay e-overlay-animation-fade\">\n\t\t\t\tSupera tu bloqueo\t\t\t<\/div>\n\t\t\t<\/a>\t\t\t\t\t\t<\/div>\n\t\t\t\t\t\t\t\t\t\t\t<div class=\"swiper-slide\" role=\"group\" aria-roledescription=\"slide\">\n\t\t\t\t\t\t\t<a href=\"\/recupera-tu-equilibrio-premium\">\t\t<div class=\"elementor-carousel-image swiper-lazy\" role=\"img\" aria-label=\"Recupera tu equilibrio personal PREMIUM\" data-background=\"https:\/\/pereberga.fra1.digitaloceanspaces.com\/wp-content\/uploads\/2023\/05\/20095831\/Pere_juliol22-3-1.jpg\">\n\n\t\t\t\t\t\t\t<div class=\"swiper-lazy-preloader\"><\/div>\n\t\t\t\n\t\t\t\t\t<\/div>\n\t\t\t\t\t<div class=\"elementor-carousel-image-overlay e-overlay-animation-fade\">\n\t\t\t\tRecupera tu equilibrio personal PREMIUM\t\t\t<\/div>\n\t\t\t<\/a>\t\t\t\t\t\t<\/div>\n\t\t\t\t\t\t\t\t\t\t\t<div class=\"swiper-slide\" role=\"group\" aria-roledescription=\"slide\">\n\t\t\t\t\t\t\t<a href=\"\/recupera-tu-equilibrio-personal\">\t\t<div class=\"elementor-carousel-image swiper-lazy\" role=\"img\" aria-label=\"Recupera tu equilibrio personal\" data-background=\"https:\/\/pereberga.fra1.digitaloceanspaces.com\/wp-content\/uploads\/2023\/05\/20095828\/Pere_juliol22-120-1.jpg\">\n\n\t\t\t\t\t\t\t<div class=\"swiper-lazy-preloader\"><\/div>\n\t\t\t\n\t\t\t\t\t<\/div>\n\t\t\t\t\t<div class=\"elementor-carousel-image-overlay e-overlay-animation-fade\">\n\t\t\t\tRecupera tu equilibrio personal\t\t\t<\/div>\n\t\t\t<\/a>\t\t\t\t\t\t<\/div>\n\t\t\t\t\t\t\t\t\t\t\t<div class=\"swiper-slide\" role=\"group\" aria-roledescription=\"slide\">\n\t\t\t\t\t\t\t<a href=\"\/terapia-corporal-integrativa\">\t\t<div class=\"elementor-carousel-image swiper-lazy\" role=\"img\" aria-label=\"Terapia corporal\" data-background=\"https:\/\/pereberga.fra1.digitaloceanspaces.com\/wp-content\/uploads\/2023\/05\/20095832\/Pere_juliol22-2311.jpg\">\n\n\t\t\t\t\t\t\t<div class=\"swiper-lazy-preloader\"><\/div>\n\t\t\t\n\t\t\t\t\t<\/div>\n\t\t\t\t\t<div class=\"elementor-carousel-image-overlay e-overlay-animation-fade\">\n\t\t\t\tTerapia corporal\t\t\t<\/div>\n\t\t\t<\/a>\t\t\t\t\t\t<\/div>\n\t\t\t\t\t\t\t\t\t\t\t<div class=\"swiper-slide\" role=\"group\" aria-roledescription=\"slide\">\n\t\t\t\t\t\t\t<a href=\"\/programa-hombres\">\t\t<div class=\"elementor-carousel-image swiper-lazy\" role=\"img\" aria-label=\"Programa para hombres\" data-background=\"https:\/\/pereberga.fra1.digitaloceanspaces.com\/wp-content\/uploads\/2023\/05\/20095833\/Pere_juliol22-29-1.jpg\">\n\n\t\t\t\t\t\t\t<div class=\"swiper-lazy-preloader\"><\/div>\n\t\t\t\n\t\t\t\t\t<\/div>\n\t\t\t\t\t<div class=\"elementor-carousel-image-overlay e-overlay-animation-fade\">\n\t\t\t\tPrograma para hombres\t\t\t<\/div>\n\t\t\t<\/a>\t\t\t\t\t\t<\/div>\n\t\t\t\t\t\t\t\t\t\t\t<div class=\"swiper-slide\" role=\"group\" aria-roledescription=\"slide\">\n\t\t\t\t\t\t\t<a href=\"\/terapia-gestalt-individual\">\t\t<div class=\"elementor-carousel-image swiper-lazy\" role=\"img\" aria-label=\"Terapia Gestalt\" data-background=\"https:\/\/pereberga.fra1.digitaloceanspaces.com\/wp-content\/uploads\/2023\/05\/20095830\/Pere_juliol22-17-1-1.jpg\">\n\n\t\t\t\t\t\t\t<div class=\"swiper-lazy-preloader\"><\/div>\n\t\t\t\n\t\t\t\t\t<\/div>\n\t\t\t\t\t<div class=\"elementor-carousel-image-overlay e-overlay-animation-fade\">\n\t\t\t\tTerapia Gestalt\t\t\t<\/div>\n\t\t\t<\/a>\t\t\t\t\t\t<\/div>\n\t\t\t\t\t\t\t\t\t\t\t<div class=\"swiper-slide\" role=\"group\" aria-roledescription=\"slide\">\n\t\t\t\t\t\t\t<a href=\"\/crianza-en-masculino-para-hombres-conscientes\">\t\t<div class=\"elementor-carousel-image swiper-lazy\" role=\"img\" aria-label=\"Crianza en masculino para hombres conscientes\" data-background=\"https:\/\/pereberga.fra1.digitaloceanspaces.com\/wp-content\/uploads\/2023\/05\/20095831\/Pere_juliol22-13711.jpg\">\n\n\t\t\t\t\t\t\t<div class=\"swiper-lazy-preloader\"><\/div>\n\t\t\t\n\t\t\t\t\t<\/div>\n\t\t\t\t\t<div class=\"elementor-carousel-image-overlay e-overlay-animation-fade\">\n\t\t\t\tCrianza en masculino para hombres conscientes\t\t\t<\/div>\n\t\t\t<\/a>\t\t\t\t\t\t<\/div>\n\t\t\t\t\t\t\t\t\t<\/div>\n\t\t\t\t\t\t\t\t\t\t\t\t\t\t\t<div class=\"elementor-swiper-button elementor-swiper-button-prev\" role=\"button\" tabindex=\"0\" aria-label=\"Previous\">\n\t\t\t\t\t\t\t<i aria-hidden=\"true\" class=\"eicon-chevron-left\"><\/i>\t\t\t\t\t\t<\/div>\n\t\t\t\t\t\t<div class=\"elementor-swiper-button elementor-swiper-button-next\" role=\"button\" tabindex=\"0\" aria-label=\"Next\">\n\t\t\t\t\t\t\t<i aria-hidden=\"true\" class=\"eicon-chevron-right\"><\/i>\t\t\t\t\t\t<\/div>\n\t\t\t\t\t\t\t\t\t\t\t\t\t\t\t\t<div class=\"swiper-pagination\"><\/div>\n\t\t\t\t\t\t\t\t\t\t\t\t<\/div>\n\t\t\t\t<\/div>\n\t\t\t\t\t\t\t\t<\/div>\n\t\t\t\t<\/div>\n\t\t\t\t\t<\/div>\n\t\t<\/div>\n\t\t\t\t\t<\/div>\n\t\t<\/section>\n\t\t\t\t<\/div>\n\t\t\t\t<\/div>\n\t\t\t\t\t\t<\/div>\n\t\t\t\t<\/div>\n\t\t\t\t\t<\/div>\n\t\t<\/div>\n\t\t\t\t\t<\/div>\n\t\t<\/section>\n\t\t\t\t<section class=\"elementor-section elementor-top-section elementor-element elementor-element-6749df4 elementor-section-boxed elementor-section-height-default elementor-section-height-default\" data-id=\"6749df4\" data-element_type=\"section\">\n\t\t\t\t\t\t<div class=\"elementor-container elementor-column-gap-default\">\n\t\t\t\t\t<div class=\"elementor-column elementor-col-100 elementor-top-column elementor-element elementor-element-f9eebe9\" data-id=\"f9eebe9\" data-element_type=\"column\">\n\t\t\t<div class=\"elementor-widget-wrap elementor-element-populated\">\n\t\t\t\t\t\t<div class=\"elementor-element elementor-element-4fe2dfe elementor-widget elementor-widget-template\" data-id=\"4fe2dfe\" data-element_type=\"widget\" data-widget_type=\"template.default\">\n\t\t\t\t<div class=\"elementor-widget-container\">\n\t\t\t\t\t\t\t<div class=\"elementor-template\">\n\t\t\t\t\t<div data-elementor-type=\"section\" data-elementor-id=\"4633\" class=\"elementor elementor-4633 elementor-512\" data-elementor-post-type=\"elementor_library\">\n\t\t\t\t\t<section class=\"elementor-section elementor-top-section elementor-element elementor-element-6fcf9a2 elementor-section-full_width elementor-section-stretched elementor-section-height-default elementor-section-height-default\" data-id=\"6fcf9a2\" data-element_type=\"section\" data-settings=\"{&quot;background_background&quot;:&quot;classic&quot;,&quot;stretch_section&quot;:&quot;section-stretched&quot;}\">\n\t\t\t\t\t\t<div class=\"elementor-container elementor-column-gap-default\">\n\t\t\t\t\t<div class=\"elementor-column elementor-col-100 elementor-top-column elementor-element elementor-element-25175549\" data-id=\"25175549\" data-element_type=\"column\">\n\t\t\t<div class=\"elementor-widget-wrap elementor-element-populated\">\n\t\t\t\t\t\t<div class=\"elementor-element elementor-element-10d3fe55 elementor-widget elementor-widget-heading\" data-id=\"10d3fe55\" data-element_type=\"widget\" data-widget_type=\"heading.default\">\n\t\t\t\t<div class=\"elementor-widget-container\">\n\t\t\t\t\t<h2 class=\"elementor-heading-title elementor-size-default\">Llest per a viure la vida que desitges?<\/h2>\t\t\t\t<\/div>\n\t\t\t\t<\/div>\n\t\t\t\t<div class=\"elementor-element elementor-element-34e4137c elementor-widget elementor-widget-heading\" data-id=\"34e4137c\" data-element_type=\"widget\" data-widget_type=\"heading.default\">\n\t\t\t\t<div class=\"elementor-widget-container\">\n\t\t\t\t\t<h2 class=\"elementor-heading-title elementor-size-default\">Contacta amb mi per a comen\u00e7ar el canvi<\/h2>\t\t\t\t<\/div>\n\t\t\t\t<\/div>\n\t\t\t\t<div class=\"elementor-element elementor-element-67efc83d elementor-align-center elementor-widget elementor-widget-button\" data-id=\"67efc83d\" data-element_type=\"widget\" data-widget_type=\"button.default\">\n\t\t\t\t<div class=\"elementor-widget-container\">\n\t\t\t\t\t\t\t\t\t<div class=\"elementor-button-wrapper\">\n\t\t\t\t\t<a class=\"elementor-button elementor-button-link elementor-size-sm\" href=\"https:\/\/pereberga.com\/ca\/contacte\/\">\n\t\t\t\t\t\t<span class=\"elementor-button-content-wrapper\">\n\t\t\t\t\t\t\t\t\t<span class=\"elementor-button-text\">Contacte<\/span>\n\t\t\t\t\t<\/span>\n\t\t\t\t\t<\/a>\n\t\t\t\t<\/div>\n\t\t\t\t\t\t\t\t<\/div>\n\t\t\t\t<\/div>\n\t\t\t\t\t<\/div>\n\t\t<\/div>\n\t\t\t\t\t<\/div>\n\t\t<\/section>\n\t\t\t\t<\/div>\n\t\t\t\t<\/div>\n\t\t\t\t\t\t<\/div>\n\t\t\t\t<\/div>\n\t\t\t\t\t<\/div>\n\t\t<\/div>\n\t\t\t\t\t<\/div>\n\t\t<\/section>\n\t\t\t\t<\/div>\n\t\t","protected":false},"excerpt":{"rendered":"<p>CONSTEL\u00b7LACIONS FAMILIARS L\u2019eina terap\u00e8utica de les Constel\u00b7lacions Familiars ens permet dur a terme una feina molt potent, clara i efectiva a l\u2019hora d\u2019accedir al subconscient i treure l\u2019entrellat d\u2019all\u00f2 que ens bloqueja i ens causa patiment a totes les \u00e0rees de la nostra vida. Aquesta disciplina de la ter\u00e0pia sist\u00e8mica ens permet ampliar la mirada, [&hellip;]<\/p>\n","protected":false},"author":1,"featured_media":0,"parent":0,"menu_order":0,"comment_status":"closed","ping_status":"closed","template":"","meta":{"footnotes":""},"class_list":["post-6483","page","type-page","status-publish","hentry"],"_links":{"self":[{"href":"https:\/\/pereberga.com\/ca\/wp-json\/wp\/v2\/pages\/6483","targetHints":{"allow":["GET"]}}],"collection":[{"href":"https:\/\/pereberga.com\/ca\/wp-json\/wp\/v2\/pages"}],"about":[{"href":"https:\/\/pereberga.com\/ca\/wp-json\/wp\/v2\/types\/page"}],"author":[{"embeddable":true,"href":"https:\/\/pereberga.com\/ca\/wp-json\/wp\/v2\/users\/1"}],"replies":[{"embeddable":true,"href":"https:\/\/pereberga.com\/ca\/wp-json\/wp\/v2\/comments?post=6483"}],"version-history":[{"count":28,"href":"https:\/\/pereberga.com\/ca\/wp-json\/wp\/v2\/pages\/6483\/revisions"}],"predecessor-version":[{"id":6549,"href":"https:\/\/pereberga.com\/ca\/wp-json\/wp\/v2\/pages\/6483\/revisions\/6549"}],"wp:attachment":[{"href":"https:\/\/pereberga.com\/ca\/wp-json\/wp\/v2\/media?parent=6483"}],"curies":[{"name":"wp","href":"https:\/\/api.w.org\/{rel}","templated":true}]}}