{"id":4917,"date":"2023-07-06T11:22:21","date_gmt":"2023-07-06T11:22:21","guid":{"rendered":"http:\/\/pereberga.clickennetbeta.com\/cercle-dhomes-en-la-paternitat\/"},"modified":"2025-04-08T10:13:37","modified_gmt":"2025-04-08T10:13:37","slug":"cercle-dhomes-en-la-paternitat","status":"publish","type":"page","link":"https:\/\/pereberga.com\/ca\/cercle-dhomes-en-la-paternitat\/","title":{"rendered":"Cercle d&#8217;homes en la paternitat"},"content":{"rendered":"\t\t<div data-elementor-type=\"wp-page\" data-elementor-id=\"4917\" class=\"elementor elementor-4917 elementor-4898\" data-elementor-post-type=\"page\">\n\t\t\t\t\t\t<section class=\"elementor-section elementor-top-section elementor-element elementor-element-299a3a8 elementor-section-height-min-height elementor-section-full_width elementor-section-height-default elementor-section-items-middle\" data-id=\"299a3a8\" data-element_type=\"section\" data-settings=\"{&quot;background_background&quot;:&quot;classic&quot;}\">\n\t\t\t\t\t\t<div class=\"elementor-container elementor-column-gap-default\">\n\t\t\t\t\t<div class=\"elementor-column elementor-col-100 elementor-top-column elementor-element elementor-element-ffd9a8f\" data-id=\"ffd9a8f\" data-element_type=\"column\">\n\t\t\t<div class=\"elementor-widget-wrap elementor-element-populated\">\n\t\t\t\t\t\t<div class=\"elementor-element elementor-element-998cea5 elementor-widget elementor-widget-heading\" data-id=\"998cea5\" data-element_type=\"widget\" data-widget_type=\"heading.default\">\n\t\t\t\t<div class=\"elementor-widget-container\">\n\t\t\t\t\t<h1 class=\"elementor-heading-title elementor-size-default\">PROC\u00c9S SER PARES<\/h1>\t\t\t\t<\/div>\n\t\t\t\t<\/div>\n\t\t\t\t\t<\/div>\n\t\t<\/div>\n\t\t\t\t\t<\/div>\n\t\t<\/section>\n\t\t\t\t<section class=\"elementor-section elementor-top-section elementor-element elementor-element-7b4157f elementor-section-boxed elementor-section-height-default elementor-section-height-default\" data-id=\"7b4157f\" data-element_type=\"section\">\n\t\t\t\t\t\t<div class=\"elementor-container elementor-column-gap-default\">\n\t\t\t\t\t<div class=\"elementor-column elementor-col-100 elementor-top-column elementor-element elementor-element-3fda6d0\" data-id=\"3fda6d0\" data-element_type=\"column\">\n\t\t\t<div class=\"elementor-widget-wrap elementor-element-populated\">\n\t\t\t\t\t\t<div class=\"elementor-element elementor-element-201889f elementor-widget elementor-widget-text-editor\" data-id=\"201889f\" data-element_type=\"widget\" data-widget_type=\"text-editor.default\">\n\t\t\t\t<div class=\"elementor-widget-container\">\n\t\t\t\t\t\t\t\t\t<p>Venim de temps en els quals la crian\u00e7a dels fills era una tasca relegada exclusivament a les dones, mentre els homes, en segon pla, est\u00e0vem enfocats a complir el nostre rol de prove\u00efdors.<\/p><p>A m\u00e9s, els homes d&#8217;avui tenim com a referents masculins a padrins que van viure una guerra, homes emocionalment traumatitzats que treballaven de sol a sol, ja sigui en el camp o en el sector industrial.<\/p><p>I sobretot vam tenir a pares que ens van acompanyar en la crian\u00e7a des de l&#8217;abs\u00e8ncia, f\u00edsica i\/o emocional.<\/p><p>Alguns d&#8217;ells ens van criar des de l&#8217;autoritarisme i l&#8217;agressi\u00f3 a la dona, uns altres des del narcisisme i alguns tamb\u00e9 des de la submissi\u00f3 a les seves companyes.<\/p><p>I, per si no fos prou, vivim en una societat patriarcal, on el model d&#8217;aprenentatge que ha imperat ha estat el mental, oblidant-nos del domini corporal i emocional.<\/p><p>Els homes necessitam aprendre a ser pares des d&#8217;un lloc m\u00e9s emocional, conscient i present, atrevint-nos a realitzar una mirada interior que ens permeti primer sanar la nostra masculinitat.<\/p><p>Per\u00f2 necessitam fer aquest viatge en tribu, entre nosaltres, creant espais terap\u00e8utics on poder aprendre, expressar-nos, sentir-nos compresos i acceptats i on, si ho necessitem, caure i ser recollits.<\/p>\t\t\t\t\t\t\t\t<\/div>\n\t\t\t\t<\/div>\n\t\t\t\t\t<\/div>\n\t\t<\/div>\n\t\t\t\t\t<\/div>\n\t\t<\/section>\n\t\t\t\t<section class=\"elementor-section elementor-top-section elementor-element elementor-element-e66558d elementor-section-boxed elementor-section-height-default elementor-section-height-default\" data-id=\"e66558d\" data-element_type=\"section\" data-settings=\"{&quot;background_background&quot;:&quot;classic&quot;}\">\n\t\t\t\t\t\t<div class=\"elementor-container elementor-column-gap-default\">\n\t\t\t\t\t<div class=\"elementor-column elementor-col-100 elementor-top-column elementor-element elementor-element-178c0d4\" data-id=\"178c0d4\" data-element_type=\"column\">\n\t\t\t<div class=\"elementor-widget-wrap elementor-element-populated\">\n\t\t\t\t\t\t<div class=\"elementor-element elementor-element-b1e3775 elementor-widget elementor-widget-heading\" data-id=\"b1e3775\" data-element_type=\"widget\" data-widget_type=\"heading.default\">\n\t\t\t\t<div class=\"elementor-widget-container\">\n\t\t\t\t\t<h2 class=\"elementor-heading-title elementor-size-default\">\u201cPER A SER BONS PARES, PRIMER NECESSITAM SER BONS FILLS\u201d<\/h2>\t\t\t\t<\/div>\n\t\t\t\t<\/div>\n\t\t\t\t\t<\/div>\n\t\t<\/div>\n\t\t\t\t\t<\/div>\n\t\t<\/section>\n\t\t\t\t<section class=\"elementor-section elementor-top-section elementor-element elementor-element-2e18656 elementor-section-boxed elementor-section-height-default elementor-section-height-default\" data-id=\"2e18656\" data-element_type=\"section\">\n\t\t\t\t\t\t<div class=\"elementor-container elementor-column-gap-default\">\n\t\t\t\t\t<div class=\"elementor-column elementor-col-100 elementor-top-column elementor-element elementor-element-884ceae\" data-id=\"884ceae\" data-element_type=\"column\">\n\t\t\t<div class=\"elementor-widget-wrap elementor-element-populated\">\n\t\t\t\t\t\t<div class=\"elementor-element elementor-element-4c19cf0 elementor-widget elementor-widget-heading\" data-id=\"4c19cf0\" data-element_type=\"widget\" data-widget_type=\"heading.default\">\n\t\t\t\t<div class=\"elementor-widget-container\">\n\t\t\t\t\t<h2 class=\"elementor-heading-title elementor-size-default\">EN QU\u00c8 CONSISTEIX EL CERCLE DE PARES?<\/h2>\t\t\t\t<\/div>\n\t\t\t\t<\/div>\n\t\t\t\t<div class=\"elementor-element elementor-element-35157be elementor-widget elementor-widget-text-editor\" data-id=\"35157be\" data-element_type=\"widget\" data-widget_type=\"text-editor.default\">\n\t\t\t\t<div class=\"elementor-widget-container\">\n\t\t\t\t\t\t\t\t\t<p>-Es tracta d&#8217;un cicle o proc\u00e9s en format taller presencial, distribu\u00eft en 18 trobades quinzenals, amb un m\u00e0xim de 9 mesos i de 3 hores de durada<\/p>\n<p>-El marc de treball \u00e9s el de la ter\u00e0pia humanista.<\/p>\n<p>-El treball corporal, l&#8217;expressi\u00f3 emocional i l&#8217;acompanyament grupal s\u00f3n la base de l&#8217;aprenentatge.<\/p>\n<p>-Pots consultar la tem\u00e0tica i programa de tallers <a href=\"https:\/\/drive.google.com\/file\/d\/1m9S9PB_-tLJyHQN5ttKLGoi67goJ2luD\/view?usp=drive_link\">aqu\u00ed.<\/a><\/p>\t\t\t\t\t\t\t\t<\/div>\n\t\t\t\t<\/div>\n\t\t\t\t\t<\/div>\n\t\t<\/div>\n\t\t\t\t\t<\/div>\n\t\t<\/section>\n\t\t\t\t<section class=\"elementor-section elementor-top-section elementor-element elementor-element-c455d87 elementor-section-boxed elementor-section-height-default elementor-section-height-default\" data-id=\"c455d87\" data-element_type=\"section\">\n\t\t\t\t\t\t<div class=\"elementor-container elementor-column-gap-default\">\n\t\t\t\t\t<div class=\"elementor-column elementor-col-50 elementor-top-column elementor-element elementor-element-ac800ee\" data-id=\"ac800ee\" data-element_type=\"column\">\n\t\t\t<div class=\"elementor-widget-wrap elementor-element-populated\">\n\t\t\t\t\t\t<div class=\"elementor-element elementor-element-6498989 elementor-widget elementor-widget-heading\" data-id=\"6498989\" data-element_type=\"widget\" data-widget_type=\"heading.default\">\n\t\t\t\t<div class=\"elementor-widget-container\">\n\t\t\t\t\t<h2 class=\"elementor-heading-title elementor-size-default\">EL PROC\u00c9S ET PERMETR\u00c0<\/h2>\t\t\t\t<\/div>\n\t\t\t\t<\/div>\n\t\t\t\t<div class=\"elementor-element elementor-element-c34004e elementor-widget elementor-widget-text-editor\" data-id=\"c34004e\" data-element_type=\"widget\" data-widget_type=\"text-editor.default\">\n\t\t\t\t<div class=\"elementor-widget-container\">\n\t\t\t\t\t\t\t\t\t<p>-Alliberar-te de prejudicis i condicionaments que et condicionen com a home i pare<\/p>\n<p>-Identificar i sanar patrons masculins t\u00f2xics que et condueixen al sofriment i transformar-los cap a la serenitat i pres\u00e8ncia.<\/p>\n<p>-Ablanir la teva cuirassa corporal i deixar anar rigideses que t&#8217;impedeixen trobar maneres m\u00e9s amables i flexibles de ser pare.<\/p>\n<p>-Connectar amb recursos i eines internes que et permetin relacionar-te amb tu, la teva criatura i parella o ex-parella des d&#8217;una masculinitat sana i conscient.<\/p>\n<p>-Disposar d&#8217;un espai \u00edntim i confidencial on et puguis sentir acompanyat en el teu dolor i dificultats com a pare.<\/p>\t\t\t\t\t\t\t\t<\/div>\n\t\t\t\t<\/div>\n\t\t\t\t\t<\/div>\n\t\t<\/div>\n\t\t\t\t<div class=\"elementor-column elementor-col-50 elementor-top-column elementor-element elementor-element-3eff76a\" data-id=\"3eff76a\" data-element_type=\"column\">\n\t\t\t<div class=\"elementor-widget-wrap elementor-element-populated\">\n\t\t\t\t\t\t<div class=\"elementor-element elementor-element-22ec04b elementor-widget elementor-widget-image\" data-id=\"22ec04b\" data-element_type=\"widget\" data-widget_type=\"image.default\">\n\t\t\t\t<div class=\"elementor-widget-container\">\n\t\t\t\t\t\t\t\t\t\t\t\t\t\t\t<img loading=\"lazy\" decoding=\"async\" loading=\"lazy\" width=\"800\" height=\"533\" src=\"https:\/\/pereberga.fra1.digitaloceanspaces.com\/wp-content\/uploads\/2023\/05\/20095831\/Pere_juliol22-13711-1024x682.jpg\" class=\"attachment-large size-large wp-image-4207\" alt=\"\" srcset=\"https:\/\/pereberga.fra1.digitaloceanspaces.com\/wp-content\/uploads\/2023\/05\/20095831\/Pere_juliol22-13711-1024x682.jpg 1024w, https:\/\/pereberga.fra1.digitaloceanspaces.com\/wp-content\/uploads\/2023\/05\/20095831\/Pere_juliol22-13711-300x200.jpg 300w, https:\/\/pereberga.fra1.digitaloceanspaces.com\/wp-content\/uploads\/2023\/05\/20095831\/Pere_juliol22-13711-768x512.jpg 768w, https:\/\/pereberga.fra1.digitaloceanspaces.com\/wp-content\/uploads\/2023\/05\/20095831\/Pere_juliol22-13711-1536x1024.jpg 1536w, https:\/\/pereberga.fra1.digitaloceanspaces.com\/wp-content\/uploads\/2023\/05\/20095831\/Pere_juliol22-13711.jpg 2000w\" sizes=\"auto, (max-width: 800px) 100vw, 800px\" \/>\t\t\t\t\t\t\t\t\t\t\t\t\t\t\t<\/div>\n\t\t\t\t<\/div>\n\t\t\t\t\t<\/div>\n\t\t<\/div>\n\t\t\t\t\t<\/div>\n\t\t<\/section>\n\t\t\t\t<section class=\"elementor-section elementor-top-section elementor-element elementor-element-67c2136 elementor-section-full_width elementor-section-stretched elementor-section-height-default elementor-section-height-default\" data-id=\"67c2136\" data-element_type=\"section\" data-settings=\"{&quot;stretch_section&quot;:&quot;section-stretched&quot;}\">\n\t\t\t\t\t\t<div class=\"elementor-container elementor-column-gap-default\">\n\t\t\t\t\t<div class=\"elementor-column elementor-col-100 elementor-top-column elementor-element elementor-element-3f4fc65\" data-id=\"3f4fc65\" data-element_type=\"column\">\n\t\t\t<div class=\"elementor-widget-wrap elementor-element-populated\">\n\t\t\t\t\t\t<div class=\"elementor-element elementor-element-f41446d elementor-widget elementor-widget-template\" data-id=\"f41446d\" data-element_type=\"widget\" data-widget_type=\"template.default\">\n\t\t\t\t<div class=\"elementor-widget-container\">\n\t\t\t\t\t\t\t<div class=\"elementor-template\">\n\t\t\t\t\t<div data-elementor-type=\"section\" data-elementor-id=\"4627\" class=\"elementor elementor-4627 elementor-1321\" data-elementor-post-type=\"elementor_library\">\n\t\t\t\t\t<section class=\"elementor-section elementor-top-section elementor-element elementor-element-35e260c1 elementor-section-full_width elementor-section-height-default elementor-section-height-default\" data-id=\"35e260c1\" data-element_type=\"section\">\n\t\t\t\t\t\t<div class=\"elementor-container elementor-column-gap-default\">\n\t\t\t\t\t<div class=\"elementor-column elementor-col-100 elementor-top-column elementor-element elementor-element-405534b6\" data-id=\"405534b6\" data-element_type=\"column\">\n\t\t\t<div class=\"elementor-widget-wrap elementor-element-populated\">\n\t\t\t\t\t\t<div class=\"elementor-element elementor-element-11f4192b elementor-skin-carousel elementor-arrows-yes elementor-pagination-type-bullets elementor-pagination-position-outside elementor-widget elementor-widget-media-carousel\" data-id=\"11f4192b\" data-element_type=\"widget\" data-settings=\"{&quot;lazyload&quot;:&quot;yes&quot;,&quot;skin&quot;:&quot;carousel&quot;,&quot;effect&quot;:&quot;slide&quot;,&quot;show_arrows&quot;:&quot;yes&quot;,&quot;pagination&quot;:&quot;bullets&quot;,&quot;speed&quot;:500,&quot;autoplay&quot;:&quot;yes&quot;,&quot;autoplay_speed&quot;:5000,&quot;loop&quot;:&quot;yes&quot;,&quot;pause_on_hover&quot;:&quot;yes&quot;,&quot;pause_on_interaction&quot;:&quot;yes&quot;,&quot;space_between&quot;:{&quot;unit&quot;:&quot;px&quot;,&quot;size&quot;:10,&quot;sizes&quot;:[]},&quot;space_between_tablet&quot;:{&quot;unit&quot;:&quot;px&quot;,&quot;size&quot;:10,&quot;sizes&quot;:[]},&quot;space_between_mobile&quot;:{&quot;unit&quot;:&quot;px&quot;,&quot;size&quot;:10,&quot;sizes&quot;:[]}}\" data-widget_type=\"media-carousel.default\">\n\t\t\t\t<div class=\"elementor-widget-container\">\n\t\t\t\t\t\t\t\t\t<div class=\"elementor-swiper\">\n\t\t\t\t\t<div class=\"elementor-main-swiper swiper\" role=\"region\" aria-roledescription=\"carousel\" aria-label=\"Diapositives\">\n\t\t\t\t<div class=\"swiper-wrapper\">\n\t\t\t\t\t\t\t\t\t\t\t<div class=\"swiper-slide\" role=\"group\" aria-roledescription=\"slide\">\n\t\t\t\t\t\t\t<a href=\"\/supera-tu-bloqueo\">\t\t<div class=\"elementor-carousel-image swiper-lazy\" role=\"img\" aria-label=\"Supera tu bloqueo\" data-background=\"https:\/\/pereberga.fra1.digitaloceanspaces.com\/wp-content\/uploads\/2023\/05\/20095834\/Pere_juliol22-16-1.jpg\">\n\n\t\t\t\t\t\t\t<div class=\"swiper-lazy-preloader\"><\/div>\n\t\t\t\n\t\t\t\t\t<\/div>\n\t\t\t\t\t<div class=\"elementor-carousel-image-overlay e-overlay-animation-fade\">\n\t\t\t\tSupera tu bloqueo\t\t\t<\/div>\n\t\t\t<\/a>\t\t\t\t\t\t<\/div>\n\t\t\t\t\t\t\t\t\t\t\t<div class=\"swiper-slide\" role=\"group\" aria-roledescription=\"slide\">\n\t\t\t\t\t\t\t<a href=\"\/recupera-tu-equilibrio-premium\">\t\t<div class=\"elementor-carousel-image swiper-lazy\" role=\"img\" aria-label=\"Recupera tu equilibrio personal PREMIUM\" data-background=\"https:\/\/pereberga.fra1.digitaloceanspaces.com\/wp-content\/uploads\/2023\/05\/20095831\/Pere_juliol22-3-1.jpg\">\n\n\t\t\t\t\t\t\t<div class=\"swiper-lazy-preloader\"><\/div>\n\t\t\t\n\t\t\t\t\t<\/div>\n\t\t\t\t\t<div class=\"elementor-carousel-image-overlay e-overlay-animation-fade\">\n\t\t\t\tRecupera tu equilibrio personal PREMIUM\t\t\t<\/div>\n\t\t\t<\/a>\t\t\t\t\t\t<\/div>\n\t\t\t\t\t\t\t\t\t\t\t<div class=\"swiper-slide\" role=\"group\" aria-roledescription=\"slide\">\n\t\t\t\t\t\t\t<a href=\"\/recupera-tu-equilibrio-personal\">\t\t<div class=\"elementor-carousel-image swiper-lazy\" role=\"img\" aria-label=\"Recupera tu equilibrio personal\" data-background=\"https:\/\/pereberga.fra1.digitaloceanspaces.com\/wp-content\/uploads\/2023\/05\/20095828\/Pere_juliol22-120-1.jpg\">\n\n\t\t\t\t\t\t\t<div class=\"swiper-lazy-preloader\"><\/div>\n\t\t\t\n\t\t\t\t\t<\/div>\n\t\t\t\t\t<div class=\"elementor-carousel-image-overlay e-overlay-animation-fade\">\n\t\t\t\tRecupera tu equilibrio personal\t\t\t<\/div>\n\t\t\t<\/a>\t\t\t\t\t\t<\/div>\n\t\t\t\t\t\t\t\t\t\t\t<div class=\"swiper-slide\" role=\"group\" aria-roledescription=\"slide\">\n\t\t\t\t\t\t\t<a href=\"\/terapia-corporal-integrativa\">\t\t<div class=\"elementor-carousel-image swiper-lazy\" role=\"img\" aria-label=\"Terapia corporal\" data-background=\"https:\/\/pereberga.fra1.digitaloceanspaces.com\/wp-content\/uploads\/2023\/05\/20095832\/Pere_juliol22-2311.jpg\">\n\n\t\t\t\t\t\t\t<div class=\"swiper-lazy-preloader\"><\/div>\n\t\t\t\n\t\t\t\t\t<\/div>\n\t\t\t\t\t<div class=\"elementor-carousel-image-overlay e-overlay-animation-fade\">\n\t\t\t\tTerapia corporal\t\t\t<\/div>\n\t\t\t<\/a>\t\t\t\t\t\t<\/div>\n\t\t\t\t\t\t\t\t\t\t\t<div class=\"swiper-slide\" role=\"group\" aria-roledescription=\"slide\">\n\t\t\t\t\t\t\t<a href=\"\/programa-hombres\">\t\t<div class=\"elementor-carousel-image swiper-lazy\" role=\"img\" aria-label=\"Programa para hombres\" data-background=\"https:\/\/pereberga.fra1.digitaloceanspaces.com\/wp-content\/uploads\/2023\/05\/20095833\/Pere_juliol22-29-1.jpg\">\n\n\t\t\t\t\t\t\t<div class=\"swiper-lazy-preloader\"><\/div>\n\t\t\t\n\t\t\t\t\t<\/div>\n\t\t\t\t\t<div class=\"elementor-carousel-image-overlay e-overlay-animation-fade\">\n\t\t\t\tPrograma para hombres\t\t\t<\/div>\n\t\t\t<\/a>\t\t\t\t\t\t<\/div>\n\t\t\t\t\t\t\t\t\t\t\t<div class=\"swiper-slide\" role=\"group\" aria-roledescription=\"slide\">\n\t\t\t\t\t\t\t<a href=\"\/terapia-gestalt-individual\">\t\t<div class=\"elementor-carousel-image swiper-lazy\" role=\"img\" aria-label=\"Terapia Gestalt\" data-background=\"https:\/\/pereberga.fra1.digitaloceanspaces.com\/wp-content\/uploads\/2023\/05\/20095830\/Pere_juliol22-17-1-1.jpg\">\n\n\t\t\t\t\t\t\t<div class=\"swiper-lazy-preloader\"><\/div>\n\t\t\t\n\t\t\t\t\t<\/div>\n\t\t\t\t\t<div class=\"elementor-carousel-image-overlay e-overlay-animation-fade\">\n\t\t\t\tTerapia Gestalt\t\t\t<\/div>\n\t\t\t<\/a>\t\t\t\t\t\t<\/div>\n\t\t\t\t\t\t\t\t\t\t\t<div class=\"swiper-slide\" role=\"group\" aria-roledescription=\"slide\">\n\t\t\t\t\t\t\t<a href=\"\/crianza-en-masculino-para-hombres-conscientes\">\t\t<div class=\"elementor-carousel-image swiper-lazy\" role=\"img\" aria-label=\"Crianza en masculino para hombres conscientes\" data-background=\"https:\/\/pereberga.fra1.digitaloceanspaces.com\/wp-content\/uploads\/2023\/05\/20095831\/Pere_juliol22-13711.jpg\">\n\n\t\t\t\t\t\t\t<div class=\"swiper-lazy-preloader\"><\/div>\n\t\t\t\n\t\t\t\t\t<\/div>\n\t\t\t\t\t<div class=\"elementor-carousel-image-overlay e-overlay-animation-fade\">\n\t\t\t\tCrianza en masculino para hombres conscientes\t\t\t<\/div>\n\t\t\t<\/a>\t\t\t\t\t\t<\/div>\n\t\t\t\t\t\t\t\t\t<\/div>\n\t\t\t\t\t\t\t\t\t\t\t\t\t\t\t<div class=\"elementor-swiper-button elementor-swiper-button-prev\" role=\"button\" tabindex=\"0\" aria-label=\"Previous\">\n\t\t\t\t\t\t\t<i aria-hidden=\"true\" class=\"eicon-chevron-left\"><\/i>\t\t\t\t\t\t<\/div>\n\t\t\t\t\t\t<div class=\"elementor-swiper-button elementor-swiper-button-next\" role=\"button\" tabindex=\"0\" aria-label=\"Next\">\n\t\t\t\t\t\t\t<i aria-hidden=\"true\" class=\"eicon-chevron-right\"><\/i>\t\t\t\t\t\t<\/div>\n\t\t\t\t\t\t\t\t\t\t\t\t\t\t\t\t<div class=\"swiper-pagination\"><\/div>\n\t\t\t\t\t\t\t\t\t\t\t\t<\/div>\n\t\t\t\t<\/div>\n\t\t\t\t\t\t\t\t<\/div>\n\t\t\t\t<\/div>\n\t\t\t\t\t<\/div>\n\t\t<\/div>\n\t\t\t\t\t<\/div>\n\t\t<\/section>\n\t\t\t\t<\/div>\n\t\t\t\t<\/div>\n\t\t\t\t\t\t<\/div>\n\t\t\t\t<\/div>\n\t\t\t\t\t<\/div>\n\t\t<\/div>\n\t\t\t\t\t<\/div>\n\t\t<\/section>\n\t\t\t\t<section class=\"elementor-section elementor-top-section elementor-element elementor-element-6749df4 elementor-section-boxed elementor-section-height-default elementor-section-height-default\" data-id=\"6749df4\" data-element_type=\"section\">\n\t\t\t\t\t\t<div class=\"elementor-container elementor-column-gap-default\">\n\t\t\t\t\t<div class=\"elementor-column elementor-col-100 elementor-top-column elementor-element elementor-element-f9eebe9\" data-id=\"f9eebe9\" data-element_type=\"column\">\n\t\t\t<div class=\"elementor-widget-wrap elementor-element-populated\">\n\t\t\t\t\t\t<div class=\"elementor-element elementor-element-4fe2dfe elementor-widget elementor-widget-template\" data-id=\"4fe2dfe\" data-element_type=\"widget\" data-widget_type=\"template.default\">\n\t\t\t\t<div class=\"elementor-widget-container\">\n\t\t\t\t\t\t\t<div class=\"elementor-template\">\n\t\t\t\t\t<div data-elementor-type=\"section\" data-elementor-id=\"4633\" class=\"elementor elementor-4633 elementor-512\" data-elementor-post-type=\"elementor_library\">\n\t\t\t\t\t<section class=\"elementor-section elementor-top-section elementor-element elementor-element-6fcf9a2 elementor-section-full_width elementor-section-stretched elementor-section-height-default elementor-section-height-default\" data-id=\"6fcf9a2\" data-element_type=\"section\" data-settings=\"{&quot;background_background&quot;:&quot;classic&quot;,&quot;stretch_section&quot;:&quot;section-stretched&quot;}\">\n\t\t\t\t\t\t<div class=\"elementor-container elementor-column-gap-default\">\n\t\t\t\t\t<div class=\"elementor-column elementor-col-100 elementor-top-column elementor-element elementor-element-25175549\" data-id=\"25175549\" data-element_type=\"column\">\n\t\t\t<div class=\"elementor-widget-wrap elementor-element-populated\">\n\t\t\t\t\t\t<div class=\"elementor-element elementor-element-10d3fe55 elementor-widget elementor-widget-heading\" data-id=\"10d3fe55\" data-element_type=\"widget\" data-widget_type=\"heading.default\">\n\t\t\t\t<div class=\"elementor-widget-container\">\n\t\t\t\t\t<h2 class=\"elementor-heading-title elementor-size-default\">Llest per a viure la vida que desitges?<\/h2>\t\t\t\t<\/div>\n\t\t\t\t<\/div>\n\t\t\t\t<div class=\"elementor-element elementor-element-34e4137c elementor-widget elementor-widget-heading\" data-id=\"34e4137c\" data-element_type=\"widget\" data-widget_type=\"heading.default\">\n\t\t\t\t<div class=\"elementor-widget-container\">\n\t\t\t\t\t<h2 class=\"elementor-heading-title elementor-size-default\">Contacta amb mi per a comen\u00e7ar el canvi<\/h2>\t\t\t\t<\/div>\n\t\t\t\t<\/div>\n\t\t\t\t<div class=\"elementor-element elementor-element-67efc83d elementor-align-center elementor-widget elementor-widget-button\" data-id=\"67efc83d\" data-element_type=\"widget\" data-widget_type=\"button.default\">\n\t\t\t\t<div class=\"elementor-widget-container\">\n\t\t\t\t\t\t\t\t\t<div class=\"elementor-button-wrapper\">\n\t\t\t\t\t<a class=\"elementor-button elementor-button-link elementor-size-sm\" href=\"https:\/\/pereberga.com\/ca\/contacte\/\">\n\t\t\t\t\t\t<span class=\"elementor-button-content-wrapper\">\n\t\t\t\t\t\t\t\t\t<span class=\"elementor-button-text\">Contacte<\/span>\n\t\t\t\t\t<\/span>\n\t\t\t\t\t<\/a>\n\t\t\t\t<\/div>\n\t\t\t\t\t\t\t\t<\/div>\n\t\t\t\t<\/div>\n\t\t\t\t\t<\/div>\n\t\t<\/div>\n\t\t\t\t\t<\/div>\n\t\t<\/section>\n\t\t\t\t<\/div>\n\t\t\t\t<\/div>\n\t\t\t\t\t\t<\/div>\n\t\t\t\t<\/div>\n\t\t\t\t\t<\/div>\n\t\t<\/div>\n\t\t\t\t\t<\/div>\n\t\t<\/section>\n\t\t\t\t<\/div>\n\t\t","protected":false},"excerpt":{"rendered":"<p>PROC\u00c9S SER PARES Venim de temps en els quals la crian\u00e7a dels fills era una tasca relegada exclusivament a les dones, mentre els homes, en segon pla, est\u00e0vem enfocats a complir el nostre rol de prove\u00efdors. A m\u00e9s, els homes d&#8217;avui tenim com a referents masculins a padrins que van viure una guerra, homes emocionalment [&hellip;]<\/p>\n","protected":false},"author":1,"featured_media":0,"parent":0,"menu_order":0,"comment_status":"closed","ping_status":"closed","template":"","meta":{"footnotes":""},"class_list":["post-4917","page","type-page","status-publish","hentry"],"_links":{"self":[{"href":"https:\/\/pereberga.com\/ca\/wp-json\/wp\/v2\/pages\/4917","targetHints":{"allow":["GET"]}}],"collection":[{"href":"https:\/\/pereberga.com\/ca\/wp-json\/wp\/v2\/pages"}],"about":[{"href":"https:\/\/pereberga.com\/ca\/wp-json\/wp\/v2\/types\/page"}],"author":[{"embeddable":true,"href":"https:\/\/pereberga.com\/ca\/wp-json\/wp\/v2\/users\/1"}],"replies":[{"embeddable":true,"href":"https:\/\/pereberga.com\/ca\/wp-json\/wp\/v2\/comments?post=4917"}],"version-history":[{"count":24,"href":"https:\/\/pereberga.com\/ca\/wp-json\/wp\/v2\/pages\/4917\/revisions"}],"predecessor-version":[{"id":6789,"href":"https:\/\/pereberga.com\/ca\/wp-json\/wp\/v2\/pages\/4917\/revisions\/6789"}],"wp:attachment":[{"href":"https:\/\/pereberga.com\/ca\/wp-json\/wp\/v2\/media?parent=4917"}],"curies":[{"name":"wp","href":"https:\/\/api.w.org\/{rel}","templated":true}]}}