{"id":4601,"date":"2023-05-12T11:36:26","date_gmt":"2023-05-12T11:36:26","guid":{"rendered":"http:\/\/pereberga.clickennetbeta.com\/qui-soc\/"},"modified":"2024-06-07T15:51:44","modified_gmt":"2024-06-07T15:51:44","slug":"qui-soc","status":"publish","type":"page","link":"https:\/\/pereberga.com\/ca\/qui-soc\/","title":{"rendered":"Qui som?"},"content":{"rendered":"\t\t<div data-elementor-type=\"wp-page\" data-elementor-id=\"4601\" class=\"elementor elementor-4601 elementor-111\" data-elementor-post-type=\"page\">\n\t\t\t\t\t\t<section class=\"elementor-section elementor-top-section elementor-element elementor-element-0553565 elementor-section-full_width elementor-section-height-min-height elementor-section-height-default elementor-section-items-middle\" data-id=\"0553565\" data-element_type=\"section\" data-settings=\"{&quot;background_background&quot;:&quot;classic&quot;}\">\n\t\t\t\t\t\t<div class=\"elementor-container elementor-column-gap-default\">\n\t\t\t\t\t<div class=\"elementor-column elementor-col-100 elementor-top-column elementor-element elementor-element-10f7e83\" data-id=\"10f7e83\" data-element_type=\"column\">\n\t\t\t<div class=\"elementor-widget-wrap elementor-element-populated\">\n\t\t\t\t\t\t<div class=\"elementor-element elementor-element-73285b7 elementor-widget elementor-widget-heading\" data-id=\"73285b7\" data-element_type=\"widget\" data-widget_type=\"heading.default\">\n\t\t\t\t<div class=\"elementor-widget-container\">\n\t\t\t\t\t<h2 class=\"elementor-heading-title elementor-size-default\">QUI SOM?<\/h2>\t\t\t\t<\/div>\n\t\t\t\t<\/div>\n\t\t\t\t\t<\/div>\n\t\t<\/div>\n\t\t\t\t\t<\/div>\n\t\t<\/section>\n\t\t\t\t<section class=\"elementor-section elementor-top-section elementor-element elementor-element-e2c6687 elementor-section-boxed elementor-section-height-default elementor-section-height-default\" data-id=\"e2c6687\" data-element_type=\"section\">\n\t\t\t\t\t\t<div class=\"elementor-container elementor-column-gap-wider\">\n\t\t\t\t\t<div class=\"elementor-column elementor-col-100 elementor-top-column elementor-element elementor-element-b732669\" data-id=\"b732669\" data-element_type=\"column\">\n\t\t\t<div class=\"elementor-widget-wrap elementor-element-populated\">\n\t\t\t\t\t\t<div class=\"elementor-element elementor-element-f133c9b elementor-widget elementor-widget-text-editor\" data-id=\"f133c9b\" data-element_type=\"widget\" data-widget_type=\"text-editor.default\">\n\t\t\t\t<div class=\"elementor-widget-container\">\n\t\t\t\t\t\t\t\t\t<p>Hola! Que b\u00e9 que hagis aterrat a la meva Web! Benvingut\/da! Un plaer saludar-te!<\/p><p>Som en Pere Berga i som <strong>Terapeuta Gestalt Integratiu, Constel\u00b7lador familiar i Coach Ontol\u00f2gic.<\/strong><\/p><p>Estic especialitzat en acompanyar <strong>a persones adultes que estan passant per una crisi personal o professional a superar la seva situaci\u00f3 de bloqueig perqu\u00e8 visquin la vida que desitgen amb coher\u00e8ncia, salut, benestar i tranquil\u00b7litat.<\/strong><\/p><p><img fetchpriority=\"high\" decoding=\"async\" class=\"alignright wp-image-5032\" src=\"https:\/\/pereberga.fra1.digitaloceanspaces.com\/wp-content\/uploads\/2023\/07\/20095751\/Pere_juliol22-131-1-1024x682.jpg\" alt=\"\" width=\"500\" height=\"333\" srcset=\"https:\/\/pereberga.fra1.digitaloceanspaces.com\/wp-content\/uploads\/2023\/07\/20095751\/Pere_juliol22-131-1-1024x682.jpg 1024w, https:\/\/pereberga.fra1.digitaloceanspaces.com\/wp-content\/uploads\/2023\/07\/20095751\/Pere_juliol22-131-1-300x200.jpg 300w, https:\/\/pereberga.fra1.digitaloceanspaces.com\/wp-content\/uploads\/2023\/07\/20095751\/Pere_juliol22-131-1-768x512.jpg 768w, https:\/\/pereberga.fra1.digitaloceanspaces.com\/wp-content\/uploads\/2023\/07\/20095751\/Pere_juliol22-131-1-1536x1024.jpg 1536w, https:\/\/pereberga.fra1.digitaloceanspaces.com\/wp-content\/uploads\/2023\/07\/20095751\/Pere_juliol22-131-1.jpg 2000w\" sizes=\"(max-width: 500px) 100vw, 500px\" \/><\/p><p>Estic <strong>tamb\u00e9 especialitzat a acompanyar a homes<\/strong> que no acaben de trobar <strong>el seu lloc a la parella, a la fam\u00edlia i a la seva professi\u00f3,<\/strong> empoderant-los en <strong>la seva masculinitat conscient<\/strong> <strong>i ajudant-los amb la seva paternitat.<\/strong><\/p><p><strong>I aix\u00f2 que faig tamb\u00e9 ho aplic a empreses i equips de treball, facilitant tallers i formaci\u00f3, acompanyant-los en els seus processos de canvi i transformaci\u00f3,<\/strong> facilitant-los la labor de tra\u00e7ar i emprendre el seu cam\u00ed <strong>perqu\u00e8 aconsegueixin l&#8217;equilibri i benestar personal i\/o professional<\/strong> d&#8217;una manera pl\u00e0cida i conscient.<\/p><p>Em vaig diplomar com a T\u00e8cnic d&#8217;Empreses i Activitats Tur\u00edstiques i em vaig llicenciar com a T\u00edtol Superior de Turisme a la Universitat de les Illes Balears. He treballat 15 anys en el sector tur\u00edstic, 9 dels quals, en l&#8217;\u00e0mbit de la Touroperaci\u00f3.<\/p><p>Aquestes s\u00f3n les formacions que m&#8217;acrediten en la meva tasca com a Terapeuta Gestalt i Coach Ontol\u00f2gic Professional:<\/p><p><strong>&#8211; Terapeuta Gestalt, a\u00a0<a href=\"https:\/\/aulabaleardegestalt.com\/\" target=\"_blank\" rel=\"noopener\">Aula Balear de Gestalt<\/a>.<\/strong><\/p><p>&#8211; <strong>Terapeuta Gestalt<\/strong> associat a la <strong><a href=\"https:\/\/aetg.es\/\">AETG<\/a><\/strong>.<\/p><p><strong>&#8211; Terapeuta Corporal Integratiu<\/strong>, a\u00a0<a href=\"https:\/\/www.terapiacorporalintegrativa.com\/\" target=\"_blank\" rel=\"noopener\"><strong>Espai TCI.<\/strong><\/a><\/p><p>&#8211; <strong>Format en<\/strong> <b>Constel\u00b7lacions<\/b><strong>\u00a0Familiars<\/strong> amb en <strong><a href=\"https:\/\/www.antoniferragut.cat\/\">Toni Ferragut.<\/a><\/strong><\/p><p><strong>&#8211; Coach Ontol\u00f2gic certificat a\u00a0<a href=\"http:\/\/www.newfield.cl\/\" target=\"_blank\" rel=\"noopener\">\u00abNewfield Network\u00bb<\/a>, Xile, amb Julio Olalla.<\/strong><\/p><p><strong>&#8211; Coach certificat per la <a href=\"https:\/\/www.icf-es.com\/mwsicf\/\" target=\"_blank\" rel=\"noopener\">ICF.<\/a><\/strong><\/p><p><strong>&#8211; M\u00e0ster en Coaching personal i executiu certificat a la <a href=\"https:\/\/efic.es\/\" target=\"_blank\" rel=\"noopener\">\u201cEscola de Formaci\u00f3 Integral en Coaching\u201d<\/a> (EFIC)<\/strong><\/p><p><strong>&#8211; M\u00e0ster en Practitioner de PNL a l&#8217;escola de <a href=\"https:\/\/www.ninamadden.com\/\" target=\"_blank\" rel=\"noopener\">Nina Madden<\/a><\/strong>, <strong>Anglaterra<\/strong>.<\/p><p><strong>&#8211; Especialista en Coaching Sist\u00e8mic, a la <a href=\"https:\/\/ainp.org\/\" target=\"_blank\" rel=\"noopener\">AINP<\/a>, per Marta Ocampo.<\/strong><\/p><p><strong>&#8211; Especialista en Gesti\u00f3 emocional i Neuroci\u00e8ncia.<\/strong><\/p><p><strong>&#8211; Acreditaci\u00f3 en Coaching per Valors, per Simon Dolan.<\/strong><\/p><p><strong>&#8211; Especialista Acreditat en Coaching Relacional, en <a href=\"http:\/\/www.institutorelacional.org\/\" target=\"_blank\" rel=\"noopener\">l&#8217;Institut Relacional<\/a>, per Joan Quintana.<\/strong><\/p><p>A m\u00e9s, tenc un <strong>M\u00e0ster en M\u00e0rqueting Digital i Anal\u00edtica Web.<\/strong><\/p>\t\t\t\t\t\t\t\t<\/div>\n\t\t\t\t<\/div>\n\t\t\t\t\t<\/div>\n\t\t<\/div>\n\t\t\t\t\t<\/div>\n\t\t<\/section>\n\t\t\t\t<section class=\"elementor-section elementor-top-section elementor-element elementor-element-6fe7166 elementor-section-full_width elementor-section-height-default elementor-section-height-default\" data-id=\"6fe7166\" data-element_type=\"section\" data-settings=\"{&quot;background_background&quot;:&quot;classic&quot;}\">\n\t\t\t\t\t\t<div class=\"elementor-container elementor-column-gap-default\">\n\t\t\t\t\t<div class=\"elementor-column elementor-col-100 elementor-top-column elementor-element elementor-element-d98cb73\" data-id=\"d98cb73\" data-element_type=\"column\">\n\t\t\t<div class=\"elementor-widget-wrap elementor-element-populated\">\n\t\t\t\t\t\t<div class=\"elementor-element elementor-element-7272f8e elementor-widget elementor-widget-heading\" data-id=\"7272f8e\" data-element_type=\"widget\" data-widget_type=\"heading.default\">\n\t\t\t\t<div class=\"elementor-widget-container\">\n\t\t\t\t\t<h2 class=\"elementor-heading-title elementor-size-default\">Si puc ajudar-te en alguna cosa, per favor, no dubtis a contactar amb mi.\n<br>\nUna aferrada molt tendra,\n<br>\nPere<\/h2>\t\t\t\t<\/div>\n\t\t\t\t<\/div>\n\t\t\t\t\t<\/div>\n\t\t<\/div>\n\t\t\t\t\t<\/div>\n\t\t<\/section>\n\t\t\t\t<section class=\"elementor-section elementor-top-section elementor-element elementor-element-4c3b8a5 elementor-section-full_width elementor-section-height-default elementor-section-height-default\" data-id=\"4c3b8a5\" data-element_type=\"section\">\n\t\t\t\t\t\t<div class=\"elementor-container elementor-column-gap-default\">\n\t\t\t\t\t<div class=\"elementor-column elementor-col-100 elementor-top-column elementor-element elementor-element-0fd0856\" data-id=\"0fd0856\" data-element_type=\"column\">\n\t\t\t<div class=\"elementor-widget-wrap elementor-element-populated\">\n\t\t\t\t\t\t<div class=\"elementor-element elementor-element-6e21ec6 elementor-widget elementor-widget-template\" data-id=\"6e21ec6\" data-element_type=\"widget\" data-widget_type=\"template.default\">\n\t\t\t\t<div class=\"elementor-widget-container\">\n\t\t\t\t\t\t\t<div class=\"elementor-template\">\n\t\t\t\t\t<div data-elementor-type=\"section\" data-elementor-id=\"4642\" class=\"elementor elementor-4642 elementor-395\" data-elementor-post-type=\"elementor_library\">\n\t\t\t\t\t<section class=\"elementor-section elementor-top-section elementor-element elementor-element-2c945efd elementor-section-full_width elementor-section-stretched elementor-section-height-default elementor-section-height-default\" data-id=\"2c945efd\" data-element_type=\"section\" data-settings=\"{&quot;stretch_section&quot;:&quot;section-stretched&quot;}\">\n\t\t\t\t\t\t<div class=\"elementor-container elementor-column-gap-default\">\n\t\t\t\t\t<div class=\"elementor-column elementor-col-14 elementor-top-column elementor-element elementor-element-24e91b72\" data-id=\"24e91b72\" data-element_type=\"column\">\n\t\t\t<div class=\"elementor-widget-wrap elementor-element-populated\">\n\t\t\t\t\t\t<div class=\"elementor-element elementor-element-1b34c5b4 elementor-widget elementor-widget-image\" data-id=\"1b34c5b4\" data-element_type=\"widget\" data-widget_type=\"image.default\">\n\t\t\t\t<div class=\"elementor-widget-container\">\n\t\t\t\t\t\t\t\t\t\t\t\t\t\t\t<img loading=\"lazy\" decoding=\"async\" loading=\"lazy\" width=\"216\" height=\"149\" src=\"https:\/\/pereberga.fra1.digitaloceanspaces.com\/wp-content\/uploads\/2023\/05\/20095833\/Recurso-4.png\" class=\"attachment-large size-large wp-image-4191\" alt=\"\" \/>\t\t\t\t\t\t\t\t\t\t\t\t\t\t\t<\/div>\n\t\t\t\t<\/div>\n\t\t\t\t\t<\/div>\n\t\t<\/div>\n\t\t\t\t<div class=\"elementor-column elementor-col-14 elementor-top-column elementor-element elementor-element-2d36bf48\" data-id=\"2d36bf48\" data-element_type=\"column\">\n\t\t\t<div class=\"elementor-widget-wrap elementor-element-populated\">\n\t\t\t\t\t\t<div class=\"elementor-element elementor-element-5450f715 elementor-widget elementor-widget-image\" data-id=\"5450f715\" data-element_type=\"widget\" data-widget_type=\"image.default\">\n\t\t\t\t<div class=\"elementor-widget-container\">\n\t\t\t\t\t\t\t\t\t\t\t\t\t\t\t<img loading=\"lazy\" decoding=\"async\" loading=\"lazy\" width=\"173\" height=\"87\" src=\"https:\/\/pereberga.fra1.digitaloceanspaces.com\/wp-content\/uploads\/2023\/05\/20095833\/Recurso-5.png\" class=\"attachment-large size-large wp-image-4192\" alt=\"\" \/>\t\t\t\t\t\t\t\t\t\t\t\t\t\t\t<\/div>\n\t\t\t\t<\/div>\n\t\t\t\t\t<\/div>\n\t\t<\/div>\n\t\t\t\t<div class=\"elementor-column elementor-col-14 elementor-top-column elementor-element elementor-element-3613ca64\" data-id=\"3613ca64\" data-element_type=\"column\">\n\t\t\t<div class=\"elementor-widget-wrap elementor-element-populated\">\n\t\t\t\t\t\t<div class=\"elementor-element elementor-element-4cb02ab4 elementor-widget elementor-widget-image\" data-id=\"4cb02ab4\" data-element_type=\"widget\" data-widget_type=\"image.default\">\n\t\t\t\t<div class=\"elementor-widget-container\">\n\t\t\t\t\t\t\t\t\t\t\t\t\t\t\t<img loading=\"lazy\" decoding=\"async\" loading=\"lazy\" width=\"301\" height=\"101\" src=\"https:\/\/pereberga.fra1.digitaloceanspaces.com\/wp-content\/uploads\/2023\/05\/20095833\/Recurso-6.png\" class=\"attachment-large size-large wp-image-4193\" alt=\"\" \/>\t\t\t\t\t\t\t\t\t\t\t\t\t\t\t<\/div>\n\t\t\t\t<\/div>\n\t\t\t\t\t<\/div>\n\t\t<\/div>\n\t\t\t\t<div class=\"elementor-column elementor-col-14 elementor-top-column elementor-element elementor-element-d2846ba\" data-id=\"d2846ba\" data-element_type=\"column\">\n\t\t\t<div class=\"elementor-widget-wrap elementor-element-populated\">\n\t\t\t\t\t\t<div class=\"elementor-element elementor-element-25f4df91 elementor-widget elementor-widget-image\" data-id=\"25f4df91\" data-element_type=\"widget\" data-widget_type=\"image.default\">\n\t\t\t\t<div class=\"elementor-widget-container\">\n\t\t\t\t\t\t\t\t\t\t\t\t\t\t\t<img loading=\"lazy\" decoding=\"async\" loading=\"lazy\" width=\"195\" height=\"123\" src=\"https:\/\/pereberga.fra1.digitaloceanspaces.com\/wp-content\/uploads\/2023\/05\/20095833\/Recurso-7.png\" class=\"attachment-large size-large wp-image-4194\" alt=\"\" \/>\t\t\t\t\t\t\t\t\t\t\t\t\t\t\t<\/div>\n\t\t\t\t<\/div>\n\t\t\t\t\t<\/div>\n\t\t<\/div>\n\t\t\t\t<div class=\"elementor-column elementor-col-14 elementor-top-column elementor-element elementor-element-5020d310\" data-id=\"5020d310\" data-element_type=\"column\">\n\t\t\t<div class=\"elementor-widget-wrap elementor-element-populated\">\n\t\t\t\t\t\t<div class=\"elementor-element elementor-element-3a871900 elementor-widget elementor-widget-image\" data-id=\"3a871900\" data-element_type=\"widget\" data-widget_type=\"image.default\">\n\t\t\t\t<div class=\"elementor-widget-container\">\n\t\t\t\t\t\t\t\t\t\t\t\t\t\t\t<img loading=\"lazy\" decoding=\"async\" loading=\"lazy\" width=\"126\" height=\"126\" src=\"https:\/\/pereberga.fra1.digitaloceanspaces.com\/wp-content\/uploads\/2023\/05\/20095833\/Recurso-8.png\" class=\"attachment-large size-large wp-image-4195\" alt=\"\" \/>\t\t\t\t\t\t\t\t\t\t\t\t\t\t\t<\/div>\n\t\t\t\t<\/div>\n\t\t\t\t\t<\/div>\n\t\t<\/div>\n\t\t\t\t<div class=\"elementor-column elementor-col-14 elementor-top-column elementor-element elementor-element-26b38eb6\" data-id=\"26b38eb6\" data-element_type=\"column\">\n\t\t\t<div class=\"elementor-widget-wrap elementor-element-populated\">\n\t\t\t\t\t\t<div class=\"elementor-element elementor-element-de05c0d elementor-widget elementor-widget-image\" data-id=\"de05c0d\" data-element_type=\"widget\" data-widget_type=\"image.default\">\n\t\t\t\t<div class=\"elementor-widget-container\">\n\t\t\t\t\t\t\t\t\t\t\t\t\t\t\t<img loading=\"lazy\" decoding=\"async\" loading=\"lazy\" width=\"166\" height=\"89\" src=\"https:\/\/pereberga.fra1.digitaloceanspaces.com\/wp-content\/uploads\/2023\/05\/20095833\/Recurso-9.png\" class=\"attachment-large size-large wp-image-4196\" alt=\"\" \/>\t\t\t\t\t\t\t\t\t\t\t\t\t\t\t<\/div>\n\t\t\t\t<\/div>\n\t\t\t\t\t<\/div>\n\t\t<\/div>\n\t\t\t\t<div class=\"elementor-column elementor-col-14 elementor-top-column elementor-element elementor-element-11bb8adc\" data-id=\"11bb8adc\" data-element_type=\"column\">\n\t\t\t<div class=\"elementor-widget-wrap elementor-element-populated\">\n\t\t\t\t\t\t<div class=\"elementor-element elementor-element-48f3ebcc elementor-widget elementor-widget-image\" data-id=\"48f3ebcc\" data-element_type=\"widget\" data-widget_type=\"image.default\">\n\t\t\t\t<div class=\"elementor-widget-container\">\n\t\t\t\t\t\t\t\t\t\t\t\t\t\t\t<img loading=\"lazy\" decoding=\"async\" loading=\"lazy\" width=\"196\" height=\"93\" src=\"https:\/\/pereberga.fra1.digitaloceanspaces.com\/wp-content\/uploads\/2023\/05\/20095833\/Recurso-10.png\" class=\"attachment-large size-large wp-image-4197\" alt=\"\" \/>\t\t\t\t\t\t\t\t\t\t\t\t\t\t\t<\/div>\n\t\t\t\t<\/div>\n\t\t\t\t\t<\/div>\n\t\t<\/div>\n\t\t\t\t\t<\/div>\n\t\t<\/section>\n\t\t\t\t<\/div>\n\t\t\t\t<\/div>\n\t\t\t\t\t\t<\/div>\n\t\t\t\t<\/div>\n\t\t\t\t\t<\/div>\n\t\t<\/div>\n\t\t\t\t\t<\/div>\n\t\t<\/section>\n\t\t\t\t<\/div>\n\t\t","protected":false},"excerpt":{"rendered":"<p>QUI SOM? Hola! Que b\u00e9 que hagis aterrat a la meva Web! Benvingut\/da! Un plaer saludar-te! Som en Pere Berga i som Terapeuta Gestalt Integratiu, Constel\u00b7lador familiar i Coach Ontol\u00f2gic. Estic especialitzat en acompanyar a persones adultes que estan passant per una crisi personal o professional a superar la seva situaci\u00f3 de bloqueig perqu\u00e8 visquin [&hellip;]<\/p>\n","protected":false},"author":1,"featured_media":0,"parent":0,"menu_order":0,"comment_status":"closed","ping_status":"closed","template":"","meta":{"footnotes":""},"class_list":["post-4601","page","type-page","status-publish","hentry"],"_links":{"self":[{"href":"https:\/\/pereberga.com\/ca\/wp-json\/wp\/v2\/pages\/4601","targetHints":{"allow":["GET"]}}],"collection":[{"href":"https:\/\/pereberga.com\/ca\/wp-json\/wp\/v2\/pages"}],"about":[{"href":"https:\/\/pereberga.com\/ca\/wp-json\/wp\/v2\/types\/page"}],"author":[{"embeddable":true,"href":"https:\/\/pereberga.com\/ca\/wp-json\/wp\/v2\/users\/1"}],"replies":[{"embeddable":true,"href":"https:\/\/pereberga.com\/ca\/wp-json\/wp\/v2\/comments?post=4601"}],"version-history":[{"count":44,"href":"https:\/\/pereberga.com\/ca\/wp-json\/wp\/v2\/pages\/4601\/revisions"}],"predecessor-version":[{"id":6412,"href":"https:\/\/pereberga.com\/ca\/wp-json\/wp\/v2\/pages\/4601\/revisions\/6412"}],"wp:attachment":[{"href":"https:\/\/pereberga.com\/ca\/wp-json\/wp\/v2\/media?parent=4601"}],"curies":[{"name":"wp","href":"https:\/\/api.w.org\/{rel}","templated":true}]}}