{"id":4588,"date":"2023-05-12T11:37:01","date_gmt":"2023-05-12T11:37:01","guid":{"rendered":"http:\/\/pereberga.clickennetbeta.com\/la-meva-historia\/"},"modified":"2024-10-24T10:02:34","modified_gmt":"2024-10-24T10:02:34","slug":"la-meva-historia","status":"publish","type":"page","link":"https:\/\/pereberga.com\/ca\/la-meva-historia\/","title":{"rendered":"La meva hist\u00f2ria"},"content":{"rendered":"\t\t<div data-elementor-type=\"wp-page\" data-elementor-id=\"4588\" class=\"elementor elementor-4588 elementor-113\" data-elementor-post-type=\"page\">\n\t\t\t\t\t\t<section class=\"elementor-section elementor-top-section elementor-element elementor-element-c680f7b elementor-section-full_width elementor-section-height-min-height elementor-section-height-default elementor-section-items-middle\" data-id=\"c680f7b\" data-element_type=\"section\" data-settings=\"{&quot;background_background&quot;:&quot;classic&quot;}\">\n\t\t\t\t\t\t<div class=\"elementor-container elementor-column-gap-default\">\n\t\t\t\t\t<div class=\"elementor-column elementor-col-100 elementor-top-column elementor-element elementor-element-ebe41b6\" data-id=\"ebe41b6\" data-element_type=\"column\">\n\t\t\t<div class=\"elementor-widget-wrap elementor-element-populated\">\n\t\t\t\t\t\t<div class=\"elementor-element elementor-element-9c8f85b elementor-widget elementor-widget-heading\" data-id=\"9c8f85b\" data-element_type=\"widget\" data-widget_type=\"heading.default\">\n\t\t\t\t<div class=\"elementor-widget-container\">\n\t\t\t\t\t<h2 class=\"elementor-heading-title elementor-size-default\">LA MEVA HIST\u00d2RIA<\/h2>\t\t\t\t<\/div>\n\t\t\t\t<\/div>\n\t\t\t\t\t<\/div>\n\t\t<\/div>\n\t\t\t\t\t<\/div>\n\t\t<\/section>\n\t\t\t\t<section class=\"elementor-section elementor-top-section elementor-element elementor-element-2a3be17 elementor-section-boxed elementor-section-height-default elementor-section-height-default\" data-id=\"2a3be17\" data-element_type=\"section\">\n\t\t\t\t\t\t<div class=\"elementor-container elementor-column-gap-default\">\n\t\t\t\t\t<div class=\"elementor-column elementor-col-100 elementor-top-column elementor-element elementor-element-a313c31\" data-id=\"a313c31\" data-element_type=\"column\">\n\t\t\t<div class=\"elementor-widget-wrap elementor-element-populated\">\n\t\t\t\t\t\t<div class=\"elementor-element elementor-element-cbb36ab elementor-widget elementor-widget-text-editor\" data-id=\"cbb36ab\" data-element_type=\"widget\" data-widget_type=\"text-editor.default\">\n\t\t\t\t<div class=\"elementor-widget-container\">\n\t\t\t\t\t\t\t\t\t<p>Diuen que la majoria de persones que es dediquen a ajudar a les altres tenen darrere una hist\u00f2ria de canvi i transformaci\u00f3. La veritat \u00e9s que la meva tamb\u00e9 ho \u00e9s.<\/p><p>He dedicat 15 anys de la meva traject\u00f2ria professional al sector del turisme, 9 dels quals al m\u00f3n de la touroperaci\u00f3, on vaig arribar a exercir un lloc de responsabilitat en una multinacional dels viatges. Era una professi\u00f3 que em donava un salari fix cada mes i una estabilitat econ\u00f2mica, per\u00f2 no m&#8217;omplia ni tampoc em feia feli\u00e7.<\/p><p><img fetchpriority=\"high\" decoding=\"async\" class=\"wp-image-5045 size-large alignright\" src=\"https:\/\/pereberga.fra1.digitaloceanspaces.com\/wp-content\/uploads\/2023\/07\/20095751\/Pere_juliol22-128-1-1024x682.jpg\" alt=\"\" width=\"800\" height=\"533\" srcset=\"https:\/\/pereberga.fra1.digitaloceanspaces.com\/wp-content\/uploads\/2023\/07\/20095751\/Pere_juliol22-128-1-1024x682.jpg 1024w, https:\/\/pereberga.fra1.digitaloceanspaces.com\/wp-content\/uploads\/2023\/07\/20095751\/Pere_juliol22-128-1-300x200.jpg 300w, https:\/\/pereberga.fra1.digitaloceanspaces.com\/wp-content\/uploads\/2023\/07\/20095751\/Pere_juliol22-128-1-768x512.jpg 768w, https:\/\/pereberga.fra1.digitaloceanspaces.com\/wp-content\/uploads\/2023\/07\/20095751\/Pere_juliol22-128-1-1536x1024.jpg 1536w, https:\/\/pereberga.fra1.digitaloceanspaces.com\/wp-content\/uploads\/2023\/07\/20095751\/Pere_juliol22-128-1.jpg 2000w\" sizes=\"(max-width: 800px) 100vw, 800px\" \/><\/p><p>En l&#8217;\u00faltim any com a professional en aquest sector, em trobava molt cansat i amb un profund buit interior. A m\u00e9s, sentia que la meva ocupaci\u00f3 m&#8217;esclavitzava i que el que feia no tenia sentit.<\/p><p>\u00a0Per\u00f2 el que m\u00e9s m&#8217;angoixava era no tenir un rumb, un objectiu professional, pensar que m&#8217;anava a quedar sempre treballant en alguna cosa que no m&#8217;agradava.<\/p><p>Va ser llavors quan vaig viure la meva primera crisi vital i professional.<\/p><p>Els meus valors eren uns altres, s&#8217;estaven despertant en mi necessitats de canvi i transformaci\u00f3, i estava conven\u00e7ut que havia d&#8217;haver-hi una altra manera de viure i treballar, segons els meus valors i d&#8217;una manera m\u00e9s lliure i conscient.<\/p><p>I per si aix\u00f2 fos poc, a nivell personal em sentia molt insatisfet, molt trist i infeli\u00e7. Solter i sense parella, vivia per la feina i molt desconnectat de mi mateix, amb moltes pors i inseguretats. Tenia l&#8217;autoestima enterra i era una persona molt cr\u00edtica i dura amb mi mateixa.<\/p><p>Fins que l&#8217;any 2013, en plena crisi econ\u00f2mica espanyola i immers en una profunda depressi\u00f3, vaig dir basta i vaig decidir canviar-ho tot.<\/p><p>Vaig comen\u00e7ar a liderar la meva vida, vaig prendre consci\u00e8ncia que si volia una nova realitat, recuperar la meva alegria i el meu aut\u00e8ntic ser, havia de canviar primer jo, des de l&#8217;interior i en molts aspectes personals.<\/p><p>Vaig passar a l&#8217;acci\u00f3, i el primer pas que vaig prendre va ser dimitir del meu c\u00e0rrec de responsabilitat en l&#8217;empresa on treballava per a canviar radicalment el rumb professional i iniciar el proc\u00e9s d&#8217;emprendre, que em port\u00e9s a crear una professi\u00f3 que realment estim\u00e9s i que quadr\u00e9s amb els meus valors i ess\u00e8ncia.<\/p><p>Em vaig formar en Coaching i PNL, i molt aviat vaig comen\u00e7ar a exercir com Coach, al mateix temps que vaig iniciar un proc\u00e9s de treball interior i em vaig comen\u00e7ar a formar com a Terapeuta Gestalt.<\/p><p>Despr\u00e9s de pocs mesos de comen\u00e7ar a emprendre, vaig viure la meva segona crisi personal: la meva parella es va quedar embarassada al poc temps de con\u00e8ixer-nos, i aquesta nova situaci\u00f3 em va desbordar. La meva relaci\u00f3 de parella i la nova situaci\u00f3 familiar va despertar en mi ferides emocionals profundes que m&#8217;impedien avan\u00e7ar i viure amb tranquil\u00b7litat, i que vaig haver de sanar. I en aquest proc\u00e9s de sanaci\u00f3 em vaig adonar que durant tota la meva vida havia estat negant la meva aut\u00e8ntica masculinitat, amb tot el sofriment emocional que aix\u00f2 comporta en la vida de parella, familiar i professional.<\/p><p>Aix\u00f2 va marcar un punt d&#8217;inflexi\u00f3 en la meva vida, i se&#8217;m va despertar la inquietud de no sols <strong>ajudar a persones que estaven en situaci\u00f3 de crisi personal<\/strong>, sin\u00f3 tamb\u00e9 <strong>a homes bloquejats emocionalment que no acaben de trobar el seu lloc en el m\u00f3n.<\/strong><\/p><p><strong>Gr\u00e0cies al Coaching Ontol\u00f2gic, a la Ter\u00e0pia Gestalt, a la Ter\u00e0pia Corporal Integrativa<\/strong>, a<strong> les Constel\u00b7lacions familiars<\/strong> i a un llarg proc\u00e9s de treball interior, <strong>vaig poder sanar moltes de les meves ferides i vaig aprendre a connectar amb mi mateix, les meves emocions, el meu prop\u00f2sit, el meu cos, la meva vulnerabilitat, la meva autenticitat i la meva masculinitat.<\/strong><\/p><p>Va ser una travessia pel desert en la qual vaig canviar moltes de les meves creences, vaig prendre decisions importants i doloroses, vaig connectar amb els meus recursos interns, vaig aprendre a fundar els meus judicis, a calmar la meva ment, a comunicar-me d&#8217;una altra manera, a gestionar les meves emocions, a connectar amb el meu cos i a viure amb objectius.<\/p><div class=\"_2cuy _3dgx _2vxa\">Al llarg d&#8217;aquest cam\u00ed, he descobert que <span class=\"_4yxo\">la meva veritable missi\u00f3 en aquesta vida \u00e9s el mestratge i per a dur-la a terme,<\/span> la vida m&#8217;ha atorgat 3 dons, que s\u00f3n els seg\u00fcents:<\/div><div>\u00a0<\/div><ol class=\"_5a_q _509r\" dir=\"ltr\"><li class=\"_2cuy _509s _2vxa\">L&#8217;escolta profunda i l&#8217;empatia cap a l&#8217;altre.<\/li><li class=\"_2cuy _509s _2vxa\">L&#8217;escriptura.<\/li><li class=\"_2cuy _509s _2vxa\">El cos.<\/li><\/ol><div>\u00a0<\/div><div class=\"_2cuy _3dgx _2vxa\">Si hagu\u00e9s de definir avui la meva missi\u00f3, seriosa aquesta:<\/div><pre class=\"_19ik\" dir=\"ltr\">\u201cAcompany a persones que estan passant per una crisi personal o professional a superar les seves situacions de bloqueig perqu\u00e8 visquin la vida que desitgen amb coher\u00e8ncia i tranquil\u00b7litat, ajudant-los a sanar les ferides, a connectar amb la seva autenticitat i recursos interns, i per aix\u00f2 em serveix de les disciplines de Coaching, la Ter\u00e0pia Gestalt, la Ter\u00e0pia Corporal, la Ter\u00e0pia sist\u00e8mica i l'escriptura\u201d.<\/pre><p>Avui, lider la meva vida, em dedic a all\u00f2 que m&#8217;agrada i som pare de n&#8217;Arnau.<\/p><p>Si vols saber una mica m\u00e9s de mi, dir-te que a part de la meva passi\u00f3 pel funcionament de les persones des d&#8217;una visi\u00f3 humanista i integrativa, <strong>la meva segona gran passi\u00f3 s\u00f3n els Castells<\/strong>, activitat en la qual particip activament des de fa 20 anys i que utilitzo <strong>com a referent per a inspirar a persones, professionals i equips<\/strong>.<\/p><p>M&#8217;encanta escriure, anar amb bicicleta i nedar, i som feli\u00e7 assistint a una bona obra de teatre. Sent especial feblesa pel meu poble, la meva illa, la seva cultura i la seva gent. Soc un gran fan dels Ant\u00f2nia Font, m&#8217;emociono amb el Hallellujah de Leonard Cohen i soc capa\u00e7 de plorar en un bon concert de Silvia P\u00e9rez Cruz.<\/p><p>Els que em coneixen diuen de mi que soc <strong>una persona creativa, aut\u00e8ntica, tena\u00e7, il\u00b7lusionada, inquieta i lluitadora.<\/strong> Se&#8217;m dona molt b\u00e9 acompanyar a les persones i sento especial passi\u00f3 per comunicar.<\/p><p>Com a Terapeuta i Coach m&#8217;he especialitzat a ajudar a persones que estan passant per una crisi personal o professional a superar la seva situaci\u00f3 de bloqueig perqu\u00e8 visquin la vida que desitgen amb coher\u00e8ncia i tranquil\u00b7litat, aix\u00ed com tamb\u00e9 a homes que es sentin perduts i necessiten trobar el seu lloc en el m\u00f3n.<\/p><p>Per fer aquesta feina m&#8217;enfoc a treballar aquests cinc pilars: la claredat mental, l&#8217;obertura emocional, la flexibilitat corporal, l&#8217;ordre sist\u00e8mic i la connexi\u00f3 espiritual.<\/p>\t\t\t\t\t\t\t\t<\/div>\n\t\t\t\t<\/div>\n\t\t\t\t\t<\/div>\n\t\t<\/div>\n\t\t\t\t\t<\/div>\n\t\t<\/section>\n\t\t\t\t<section class=\"elementor-section elementor-top-section elementor-element elementor-element-0149d0c elementor-section-full_width elementor-section-height-default elementor-section-height-default\" data-id=\"0149d0c\" data-element_type=\"section\" data-settings=\"{&quot;background_background&quot;:&quot;classic&quot;}\">\n\t\t\t\t\t\t<div class=\"elementor-container elementor-column-gap-default\">\n\t\t\t\t\t<div class=\"elementor-column elementor-col-100 elementor-top-column elementor-element elementor-element-a27b206\" data-id=\"a27b206\" data-element_type=\"column\">\n\t\t\t<div class=\"elementor-widget-wrap elementor-element-populated\">\n\t\t\t\t\t\t<div class=\"elementor-element elementor-element-b82d19e elementor-widget elementor-widget-heading\" data-id=\"b82d19e\" data-element_type=\"widget\" data-widget_type=\"heading.default\">\n\t\t\t\t<div class=\"elementor-widget-container\">\n\t\t\t\t\t<h2 class=\"elementor-heading-title elementor-size-default\">Si est\u00e0s en aquesta situaci\u00f3 podem tenir una entrevista gratu\u00efta per a valorar si et puc acompanyar.\n<br>\nRep una abra\u00e7ada carregada de tendresa,<\/h2>\t\t\t\t<\/div>\n\t\t\t\t<\/div>\n\t\t\t\t<div class=\"elementor-element elementor-element-ea2a9da elementor-widget elementor-widget-image\" data-id=\"ea2a9da\" data-element_type=\"widget\" data-widget_type=\"image.default\">\n\t\t\t\t<div class=\"elementor-widget-container\">\n\t\t\t\t\t\t\t\t\t\t\t\t\t\t\t<img loading=\"lazy\" decoding=\"async\" loading=\"lazy\" width=\"402\" height=\"90\" src=\"https:\/\/pereberga.fra1.digitaloceanspaces.com\/wp-content\/uploads\/2023\/05\/20095834\/Logo.svg\" class=\"attachment-thumbnail size-thumbnail wp-image-4186\" alt=\"\" \/>\t\t\t\t\t\t\t\t\t\t\t\t\t\t\t<\/div>\n\t\t\t\t<\/div>\n\t\t\t\t\t<\/div>\n\t\t<\/div>\n\t\t\t\t\t<\/div>\n\t\t<\/section>\n\t\t\t\t<section class=\"elementor-section elementor-top-section elementor-element elementor-element-0306161 elementor-section-boxed elementor-section-height-default elementor-section-height-default\" data-id=\"0306161\" data-element_type=\"section\">\n\t\t\t\t\t\t<div class=\"elementor-container elementor-column-gap-default\">\n\t\t\t\t\t<div class=\"elementor-column elementor-col-100 elementor-top-column elementor-element elementor-element-3a78abc\" data-id=\"3a78abc\" data-element_type=\"column\">\n\t\t\t<div class=\"elementor-widget-wrap elementor-element-populated\">\n\t\t\t\t\t\t<div class=\"elementor-element elementor-element-b9861b8 elementor-align-center elementor-widget elementor-widget-button\" data-id=\"b9861b8\" data-element_type=\"widget\" data-widget_type=\"button.default\">\n\t\t\t\t<div class=\"elementor-widget-container\">\n\t\t\t\t\t\t\t\t\t<div class=\"elementor-button-wrapper\">\n\t\t\t\t\t<a class=\"elementor-button elementor-button-link elementor-size-sm\" href=\"https:\/\/pereberga.com\/ca\/sessio-dexploracio-gratuita\/\">\n\t\t\t\t\t\t<span class=\"elementor-button-content-wrapper\">\n\t\t\t\t\t\t\t\t\t<span class=\"elementor-button-text\">RESERVA UNA SESSI\u00d3 D'EXPLORACI\u00d3 GRATU\u00cfTA<\/span>\n\t\t\t\t\t<\/span>\n\t\t\t\t\t<\/a>\n\t\t\t\t<\/div>\n\t\t\t\t\t\t\t\t<\/div>\n\t\t\t\t<\/div>\n\t\t\t\t\t<\/div>\n\t\t<\/div>\n\t\t\t\t\t<\/div>\n\t\t<\/section>\n\t\t\t\t<section class=\"elementor-section elementor-top-section elementor-element elementor-element-ac85501 elementor-section-full_width elementor-section-height-default elementor-section-height-default\" data-id=\"ac85501\" data-element_type=\"section\">\n\t\t\t\t\t\t<div class=\"elementor-container elementor-column-gap-default\">\n\t\t\t\t\t<div class=\"elementor-column elementor-col-100 elementor-top-column elementor-element elementor-element-5d54e93\" data-id=\"5d54e93\" data-element_type=\"column\">\n\t\t\t<div class=\"elementor-widget-wrap elementor-element-populated\">\n\t\t\t\t\t\t<div class=\"elementor-element elementor-element-e2bd6a3 elementor-widget elementor-widget-template\" data-id=\"e2bd6a3\" data-element_type=\"widget\" data-widget_type=\"template.default\">\n\t\t\t\t<div class=\"elementor-widget-container\">\n\t\t\t\t\t\t\t<div class=\"elementor-template\">\n\t\t\t\t\t<div data-elementor-type=\"section\" data-elementor-id=\"4642\" class=\"elementor elementor-4642 elementor-395\" data-elementor-post-type=\"elementor_library\">\n\t\t\t\t\t<section class=\"elementor-section elementor-top-section elementor-element elementor-element-2c945efd elementor-section-full_width elementor-section-stretched elementor-section-height-default elementor-section-height-default\" data-id=\"2c945efd\" data-element_type=\"section\" data-settings=\"{&quot;stretch_section&quot;:&quot;section-stretched&quot;}\">\n\t\t\t\t\t\t<div class=\"elementor-container elementor-column-gap-default\">\n\t\t\t\t\t<div class=\"elementor-column elementor-col-14 elementor-top-column elementor-element elementor-element-24e91b72\" data-id=\"24e91b72\" data-element_type=\"column\">\n\t\t\t<div class=\"elementor-widget-wrap elementor-element-populated\">\n\t\t\t\t\t\t<div class=\"elementor-element elementor-element-1b34c5b4 elementor-widget elementor-widget-image\" data-id=\"1b34c5b4\" data-element_type=\"widget\" data-widget_type=\"image.default\">\n\t\t\t\t<div class=\"elementor-widget-container\">\n\t\t\t\t\t\t\t\t\t\t\t\t\t\t\t<img loading=\"lazy\" decoding=\"async\" loading=\"lazy\" width=\"216\" height=\"149\" src=\"https:\/\/pereberga.fra1.digitaloceanspaces.com\/wp-content\/uploads\/2023\/05\/20095833\/Recurso-4.png\" class=\"attachment-large size-large wp-image-4191\" alt=\"\" \/>\t\t\t\t\t\t\t\t\t\t\t\t\t\t\t<\/div>\n\t\t\t\t<\/div>\n\t\t\t\t\t<\/div>\n\t\t<\/div>\n\t\t\t\t<div class=\"elementor-column elementor-col-14 elementor-top-column elementor-element elementor-element-2d36bf48\" data-id=\"2d36bf48\" data-element_type=\"column\">\n\t\t\t<div class=\"elementor-widget-wrap elementor-element-populated\">\n\t\t\t\t\t\t<div class=\"elementor-element elementor-element-5450f715 elementor-widget elementor-widget-image\" data-id=\"5450f715\" data-element_type=\"widget\" data-widget_type=\"image.default\">\n\t\t\t\t<div class=\"elementor-widget-container\">\n\t\t\t\t\t\t\t\t\t\t\t\t\t\t\t<img loading=\"lazy\" decoding=\"async\" loading=\"lazy\" width=\"173\" height=\"87\" src=\"https:\/\/pereberga.fra1.digitaloceanspaces.com\/wp-content\/uploads\/2023\/05\/20095833\/Recurso-5.png\" class=\"attachment-large size-large wp-image-4192\" alt=\"\" \/>\t\t\t\t\t\t\t\t\t\t\t\t\t\t\t<\/div>\n\t\t\t\t<\/div>\n\t\t\t\t\t<\/div>\n\t\t<\/div>\n\t\t\t\t<div class=\"elementor-column elementor-col-14 elementor-top-column elementor-element elementor-element-3613ca64\" data-id=\"3613ca64\" data-element_type=\"column\">\n\t\t\t<div class=\"elementor-widget-wrap elementor-element-populated\">\n\t\t\t\t\t\t<div class=\"elementor-element elementor-element-4cb02ab4 elementor-widget elementor-widget-image\" data-id=\"4cb02ab4\" data-element_type=\"widget\" data-widget_type=\"image.default\">\n\t\t\t\t<div class=\"elementor-widget-container\">\n\t\t\t\t\t\t\t\t\t\t\t\t\t\t\t<img loading=\"lazy\" decoding=\"async\" loading=\"lazy\" width=\"301\" height=\"101\" src=\"https:\/\/pereberga.fra1.digitaloceanspaces.com\/wp-content\/uploads\/2023\/05\/20095833\/Recurso-6.png\" class=\"attachment-large size-large wp-image-4193\" alt=\"\" \/>\t\t\t\t\t\t\t\t\t\t\t\t\t\t\t<\/div>\n\t\t\t\t<\/div>\n\t\t\t\t\t<\/div>\n\t\t<\/div>\n\t\t\t\t<div class=\"elementor-column elementor-col-14 elementor-top-column elementor-element elementor-element-d2846ba\" data-id=\"d2846ba\" data-element_type=\"column\">\n\t\t\t<div class=\"elementor-widget-wrap elementor-element-populated\">\n\t\t\t\t\t\t<div class=\"elementor-element elementor-element-25f4df91 elementor-widget elementor-widget-image\" data-id=\"25f4df91\" data-element_type=\"widget\" data-widget_type=\"image.default\">\n\t\t\t\t<div class=\"elementor-widget-container\">\n\t\t\t\t\t\t\t\t\t\t\t\t\t\t\t<img loading=\"lazy\" decoding=\"async\" loading=\"lazy\" width=\"195\" height=\"123\" src=\"https:\/\/pereberga.fra1.digitaloceanspaces.com\/wp-content\/uploads\/2023\/05\/20095833\/Recurso-7.png\" class=\"attachment-large size-large wp-image-4194\" alt=\"\" \/>\t\t\t\t\t\t\t\t\t\t\t\t\t\t\t<\/div>\n\t\t\t\t<\/div>\n\t\t\t\t\t<\/div>\n\t\t<\/div>\n\t\t\t\t<div class=\"elementor-column elementor-col-14 elementor-top-column elementor-element elementor-element-5020d310\" data-id=\"5020d310\" data-element_type=\"column\">\n\t\t\t<div class=\"elementor-widget-wrap elementor-element-populated\">\n\t\t\t\t\t\t<div class=\"elementor-element elementor-element-3a871900 elementor-widget elementor-widget-image\" data-id=\"3a871900\" data-element_type=\"widget\" data-widget_type=\"image.default\">\n\t\t\t\t<div class=\"elementor-widget-container\">\n\t\t\t\t\t\t\t\t\t\t\t\t\t\t\t<img loading=\"lazy\" decoding=\"async\" loading=\"lazy\" width=\"126\" height=\"126\" src=\"https:\/\/pereberga.fra1.digitaloceanspaces.com\/wp-content\/uploads\/2023\/05\/20095833\/Recurso-8.png\" class=\"attachment-large size-large wp-image-4195\" alt=\"\" \/>\t\t\t\t\t\t\t\t\t\t\t\t\t\t\t<\/div>\n\t\t\t\t<\/div>\n\t\t\t\t\t<\/div>\n\t\t<\/div>\n\t\t\t\t<div class=\"elementor-column elementor-col-14 elementor-top-column elementor-element elementor-element-26b38eb6\" data-id=\"26b38eb6\" data-element_type=\"column\">\n\t\t\t<div class=\"elementor-widget-wrap elementor-element-populated\">\n\t\t\t\t\t\t<div class=\"elementor-element elementor-element-de05c0d elementor-widget elementor-widget-image\" data-id=\"de05c0d\" data-element_type=\"widget\" data-widget_type=\"image.default\">\n\t\t\t\t<div class=\"elementor-widget-container\">\n\t\t\t\t\t\t\t\t\t\t\t\t\t\t\t<img loading=\"lazy\" decoding=\"async\" loading=\"lazy\" width=\"166\" height=\"89\" src=\"https:\/\/pereberga.fra1.digitaloceanspaces.com\/wp-content\/uploads\/2023\/05\/20095833\/Recurso-9.png\" class=\"attachment-large size-large wp-image-4196\" alt=\"\" \/>\t\t\t\t\t\t\t\t\t\t\t\t\t\t\t<\/div>\n\t\t\t\t<\/div>\n\t\t\t\t\t<\/div>\n\t\t<\/div>\n\t\t\t\t<div class=\"elementor-column elementor-col-14 elementor-top-column elementor-element elementor-element-11bb8adc\" data-id=\"11bb8adc\" data-element_type=\"column\">\n\t\t\t<div class=\"elementor-widget-wrap elementor-element-populated\">\n\t\t\t\t\t\t<div class=\"elementor-element elementor-element-48f3ebcc elementor-widget elementor-widget-image\" data-id=\"48f3ebcc\" data-element_type=\"widget\" data-widget_type=\"image.default\">\n\t\t\t\t<div class=\"elementor-widget-container\">\n\t\t\t\t\t\t\t\t\t\t\t\t\t\t\t<img loading=\"lazy\" decoding=\"async\" loading=\"lazy\" width=\"196\" height=\"93\" src=\"https:\/\/pereberga.fra1.digitaloceanspaces.com\/wp-content\/uploads\/2023\/05\/20095833\/Recurso-10.png\" class=\"attachment-large size-large wp-image-4197\" alt=\"\" \/>\t\t\t\t\t\t\t\t\t\t\t\t\t\t\t<\/div>\n\t\t\t\t<\/div>\n\t\t\t\t\t<\/div>\n\t\t<\/div>\n\t\t\t\t\t<\/div>\n\t\t<\/section>\n\t\t\t\t<\/div>\n\t\t\t\t<\/div>\n\t\t\t\t\t\t<\/div>\n\t\t\t\t<\/div>\n\t\t\t\t\t<\/div>\n\t\t<\/div>\n\t\t\t\t\t<\/div>\n\t\t<\/section>\n\t\t\t\t<\/div>\n\t\t","protected":false},"excerpt":{"rendered":"<p>LA MEVA HIST\u00d2RIA Diuen que la majoria de persones que es dediquen a ajudar a les altres tenen darrere una hist\u00f2ria de canvi i transformaci\u00f3. La veritat \u00e9s que la meva tamb\u00e9 ho \u00e9s. He dedicat 15 anys de la meva traject\u00f2ria professional al sector del turisme, 9 dels quals al m\u00f3n de la touroperaci\u00f3, [&hellip;]<\/p>\n","protected":false},"author":1,"featured_media":0,"parent":0,"menu_order":0,"comment_status":"closed","ping_status":"closed","template":"","meta":{"footnotes":""},"class_list":["post-4588","page","type-page","status-publish","hentry"],"_links":{"self":[{"href":"https:\/\/pereberga.com\/ca\/wp-json\/wp\/v2\/pages\/4588","targetHints":{"allow":["GET"]}}],"collection":[{"href":"https:\/\/pereberga.com\/ca\/wp-json\/wp\/v2\/pages"}],"about":[{"href":"https:\/\/pereberga.com\/ca\/wp-json\/wp\/v2\/types\/page"}],"author":[{"embeddable":true,"href":"https:\/\/pereberga.com\/ca\/wp-json\/wp\/v2\/users\/1"}],"replies":[{"embeddable":true,"href":"https:\/\/pereberga.com\/ca\/wp-json\/wp\/v2\/comments?post=4588"}],"version-history":[{"count":18,"href":"https:\/\/pereberga.com\/ca\/wp-json\/wp\/v2\/pages\/4588\/revisions"}],"predecessor-version":[{"id":6699,"href":"https:\/\/pereberga.com\/ca\/wp-json\/wp\/v2\/pages\/4588\/revisions\/6699"}],"wp:attachment":[{"href":"https:\/\/pereberga.com\/ca\/wp-json\/wp\/v2\/media?parent=4588"}],"curies":[{"name":"wp","href":"https:\/\/api.w.org\/{rel}","templated":true}]}}